








{"id":1069,"date":"2017-06-08T15:08:16","date_gmt":"2017-06-08T13:08:16","guid":{"rendered":"http:\/\/test.agerin.ovh\/?page_id=1069"},"modified":"2021-02-12T10:17:36","modified_gmt":"2021-02-12T08:17:36","slug":"references","status":"publish","type":"page","link":"https:\/\/agerin.ovh\/index.php\/references\/","title":{"rendered":"R\u00e9f\u00e9rences"},"content":{"rendered":"<hr \/>\n<p><a href=\"http:\/\/agerin.ovh\/index.php\/references\/risques-naturels\/\">Risques naturels<\/a><\/p>\n<p><a href=\"http:\/\/agerin.ovh\/index.php\/references\/etudeshydraulique\/\">Etudes en am\u00e9nagement hydraulique<\/a><\/p>\n<p><a href=\"http:\/\/agerin.ovh\/index.php\/references\/ecohydraulique-hydroelectricite\/\">Ecohydraulique &#8211; Continuit\u00e9 \u00e9cologique &#8211; Hydro\u00e9lectricit\u00e9<\/a><\/p>\n<p><a href=\"http:\/\/agerin.ovh\/index.php\/references\/hydroecologie\/\">Gestion et restauration des cours d&rsquo;eau &#8211; Hydro\u00e9cologie<\/a><\/p>\n<p><a href=\"http:\/\/agerin.ovh\/index.php\/references\/diguesbarrages\/\">Etudes et diagnostics des digues et barrages<\/a><\/p>\n<p><a href=\"http:\/\/agerin.ovh\/index.php\/references\/maitrise-doeuvre\/\">Ma\u00eetrise d&rsquo;oeuvre<\/a><\/p>\n<p><a href=\"http:\/\/agerin.ovh\/index.php\/references\/formation\/\">Formation<\/a><\/p>\n<p>&nbsp;<\/p>\n","protected":false},"excerpt":{"rendered":"<p>Risques naturels Etudes en am\u00e9nagement hydraulique Ecohydraulique &#8211; Continuit\u00e9 \u00e9cologique &#8211; Hydro\u00e9lectricit\u00e9 Gestion et restauration des cours d&rsquo;eau &#8211; Hydro\u00e9cologie Etudes et diagnostics des digues et barrages Ma\u00eetrise d&rsquo;oeuvre Formation &nbsp;<\/p>\n","protected":false},"author":1,"featured_media":0,"parent":0,"menu_order":0,"comment_status":"closed","ping_status":"closed","template":"","meta":[],"_links":{"self":[{"href":"https:\/\/agerin.ovh\/index.php\/wp-json\/wp\/v2\/pages\/1069"}],"collection":[{"href":"https:\/\/agerin.ovh\/index.php\/wp-json\/wp\/v2\/pages"}],"about":[{"href":"https:\/\/agerin.ovh\/index.php\/wp-json\/wp\/v2\/types\/page"}],"author":[{"embeddable":true,"href":"https:\/\/agerin.ovh\/index.php\/wp-json\/wp\/v2\/users\/1"}],"replies":[{"embeddable":true,"href":"https:\/\/agerin.ovh\/index.php\/wp-json\/wp\/v2\/comments?post=1069"}],"version-history":[{"count":6,"href":"https:\/\/agerin.ovh\/index.php\/wp-json\/wp\/v2\/pages\/1069\/revisions"}],"predecessor-version":[{"id":1995,"href":"https:\/\/agerin.ovh\/index.php\/wp-json\/wp\/v2\/pages\/1069\/revisions\/1995"}],"wp:attachment":[{"href":"https:\/\/agerin.ovh\/index.php\/wp-json\/wp\/v2\/media?parent=1069"}],"curies":[{"name":"wp","href":"https:\/\/api.w.org\/{rel}","templated":true}]}}