








{"id":1179,"date":"2017-06-08T15:45:54","date_gmt":"2017-06-08T13:45:54","guid":{"rendered":"http:\/\/test.agerin.ovh\/?page_id=1179"},"modified":"2024-04-25T09:11:30","modified_gmt":"2024-04-25T07:11:30","slug":"politique-sse","status":"publish","type":"page","link":"https:\/\/agerin.ovh\/index.php\/rse-developpement-durable\/politique-sse\/","title":{"rendered":"Politique SSE"},"content":{"rendered":"<hr \/>\n<h6 class=\"font_7\"><span style=\"font-size: 14pt;\"><strong><span style=\"text-decoration: underline;\">Certification MASE<\/span><\/strong><\/span><\/h6>\n<p class=\"csRow\">Nous avons mis en place depuis 2015 une politique SSE pouss\u00e9e, impliquant d\u2019importantes mont\u00e9es en comp\u00e9tences, qui a conduit \u00e0 une <strong>certification MASE<\/strong> valide jusqu\u2019en juin 2020. Cette \u00e9volution nous a conduit \u00e0 l\u2019\u00e9laboration d\u2019un manuel SSE, tenant compte de toutes nos activit\u00e9s, pour vous fournir un travail de grande qualit\u00e9 dans les meilleures conditions de sant\u00e9 et de s\u00e9curit\u00e9 des salari\u00e9s, tout en visant \u00e0 diminuer notre empreinte environnementale.<\/p>\n<div class=\"csRow\">\n<div class=\"csColumnGap\" style=\"margin: 0px; padding: 0px; float: left; width: 2.6%;\"><img decoding=\"async\" style=\"border: none;\" src=\"http:\/\/agerin.ovh\/wp-content\/plugins\/advanced-wp-columns\/assets\/js\/plugins\/views\/img\/1x1-pixel.png\" \/><\/div>\n<\/div>\n<h6 class=\"font_7\"><span style=\"font-size: 14pt;\"><strong><span style=\"text-decoration: underline;\">Politique S\u00e9curit\u00e9 et Sant\u00e9<\/span><\/strong><\/span><\/h6>\n<ul>\n<li>Nous cherchons \u00e0 \u00e9valuer les risques, \u00e0 analyser l\u2019origine des presqu\u2019accidents et accidents, les incidents et les situations dangereuses afin de mettre place des actions (pr\u00e9vention, correction, formation, mise en place d\u2019EPI) afin de r\u00e9duire au maximum les accidents du travail, les accidents de trajet et les maladies professionnelles.<\/li>\n<li>Nous mettons en \u0153uvre par la formation, les qualifications, l\u2019information et les habilitations les moyens de maintenir l\u2019accidentologie au plus bas.<\/li>\n<li>Nous mettons en place une veille r\u00e9glementaire relative au domaine SSE pour int\u00e9grer rapidement les obligations qui s\u2019impose dans nos proc\u00e9dures.<\/li>\n<li>Nous luttons contre les addictions \u00e0 l\u2019alcool et aux drogues en informant les salari\u00e9s des risques que de telles pratiques peuvent faire courir.<\/li>\n<li>Nous limitons au maximum la sous-traitance, nous exigeons de nos sous-traitants le respect de notre politique SSE et nous n\u2019avons pas recours \u00e0 du personnel int\u00e9rimaire.<\/li>\n<li>Nous sensibilisons notre personnel sur l\u2019obligation d\u2019une proc\u00e9dure de retrait en cas de danger grave et imminent.<\/li>\n<li>Nous mettons en place une proc\u00e9dure de retour d\u2019exp\u00e9rience et d\u2019\u00e9change sur les situations pouvant conduire \u00e0 une exposition \u00e0 des risques lors de r\u00e9unions hebdomadaires pour favoriser les remont\u00e9es du terrain.<\/li>\n<li>Nous d\u00e9veloppons au sein d\u2019AGERIN une v\u00e9ritable culture d\u2019entreprise autour de la probl\u00e9matique sant\u00e9 et s\u00e9curit\u00e9.<\/li>\n<\/ul>\n<p>&nbsp;<\/p>\n<hr \/>\n<h6 class=\"font_7\"><span style=\"font-size: 14pt;\"><strong><span style=\"text-decoration: underline;\">Politique Environnementale<\/span><\/strong><\/span><\/h6>\n<p>Notre politique environnementale se d\u00e9veloppe autour de quatre th\u00e8mes\u00a0:<\/p>\n<ul>\n<li>Le d\u00e9veloppement d\u2019une culture de sauvegarde de l\u2019environnement et de pr\u00e9ventions de toute pollution.<\/li>\n<li>La mise en place de pratiques visant \u00e0 r\u00e9duire notre consommation d\u2019\u00e9nergies et de ressources naturelles.<\/li>\n<li>Un recyclage performant par le biais d\u2019un tri s\u00e9lectif afin de limiter nos d\u00e9chets.<\/li>\n<li>Une conception vertueuse qui favorise des ouvrages durables, limitant leur incidence \u00e9cologique et favorisant les mat\u00e9riaux renouvelable lorsque c\u2019est possible.<\/li>\n<\/ul>\n<p>&nbsp;<\/p>\n<p>Concr\u00e8tement, au sein de l&rsquo;entreprise, cela revient \u00e0 :<\/p>\n<ul>\n<li>Favoriser les produits ayant un plus environnemental (produits de nettoyage \u00e0 base de v\u00e9g\u00e9taux, caf\u00e9 biologique et \u00e9quitable\u2026).<\/li>\n<li>Ne pas utiliser de produits connus pour leur caract\u00e8re particuli\u00e8rement n\u00e9faste pour l\u2019environnement et la sant\u00e9.<\/li>\n<li>Limiter l\u2019incidence des impressions (pour ce faire, nous favorisons les \u00e9changes \u00e9lectroniques avec un serveur FTP s\u00e9curis\u00e9 pour nos clients en partenaires). Pour les impressions in\u00e9vitables, nous utilisons uniquement du papier recycl\u00e9 non blanchi au chlore et privil\u00e9gions les impressions recto-verso.<\/li>\n<li>Limiter les temp\u00e9ratures dans les espaces non utilis\u00e9s en permanence.<\/li>\n<li>Avoir contractualis\u00e9 notre collecte de mat\u00e9riaux recyclables non collect\u00e9s sp\u00e9cifiquement par le service publique (par exemple le papier, le carton). Pour les autres d\u00e9chets, nous r\u00e9alisons un tri s\u00e9lectif pour orienter les diff\u00e9rentes sortes de d\u00e9chets dans leurs fili\u00e8res de recyclage sp\u00e9cifique.<\/li>\n<\/ul>\n","protected":false},"excerpt":{"rendered":"<p>Certification MASE Nous avons mis en place depuis 2015 une politique SSE pouss\u00e9e, impliquant d\u2019importantes mont\u00e9es en comp\u00e9tences, qui a conduit \u00e0 une certification MASE valide jusqu\u2019en juin 2020. Cette \u00e9volution nous a conduit \u00e0 l\u2019\u00e9laboration d\u2019un manuel SSE, tenant compte de toutes nos activit\u00e9s, pour vous fournir un travail de grande qualit\u00e9 dans les [&hellip;]<\/p>\n","protected":false},"author":1,"featured_media":0,"parent":1047,"menu_order":0,"comment_status":"closed","ping_status":"closed","template":"","meta":[],"_links":{"self":[{"href":"https:\/\/agerin.ovh\/index.php\/wp-json\/wp\/v2\/pages\/1179"}],"collection":[{"href":"https:\/\/agerin.ovh\/index.php\/wp-json\/wp\/v2\/pages"}],"about":[{"href":"https:\/\/agerin.ovh\/index.php\/wp-json\/wp\/v2\/types\/page"}],"author":[{"embeddable":true,"href":"https:\/\/agerin.ovh\/index.php\/wp-json\/wp\/v2\/users\/1"}],"replies":[{"embeddable":true,"href":"https:\/\/agerin.ovh\/index.php\/wp-json\/wp\/v2\/comments?post=1179"}],"version-history":[{"count":21,"href":"https:\/\/agerin.ovh\/index.php\/wp-json\/wp\/v2\/pages\/1179\/revisions"}],"predecessor-version":[{"id":2065,"href":"https:\/\/agerin.ovh\/index.php\/wp-json\/wp\/v2\/pages\/1179\/revisions\/2065"}],"up":[{"embeddable":true,"href":"https:\/\/agerin.ovh\/index.php\/wp-json\/wp\/v2\/pages\/1047"}],"wp:attachment":[{"href":"https:\/\/agerin.ovh\/index.php\/wp-json\/wp\/v2\/media?parent=1179"}],"curies":[{"name":"wp","href":"https:\/\/api.w.org\/{rel}","templated":true}]}}