








{"id":1194,"date":"2017-06-08T15:54:06","date_gmt":"2017-06-08T13:54:06","guid":{"rendered":"http:\/\/test.agerin.ovh\/?page_id=1194"},"modified":"2017-06-19T16:59:19","modified_gmt":"2017-06-19T14:59:19","slug":"gestion-et-prevention-des-risques","status":"publish","type":"page","link":"https:\/\/agerin.ovh\/index.php\/domaines-dactivite\/risques-naturels\/gestion-et-prevention-des-risques\/","title":{"rendered":"Gestion et pr\u00e9vention des risques"},"content":{"rendered":"<hr>\n<p style=\"text-align: justify;\">Enfin, engag\u00e9e dans la gestion des risques naturels, notre \u00e9quipe est aussi bien sp\u00e9cialis\u00e9e en :<\/p>\n<ul>\n<li>assistance \u00e0 ma\u00eetrise d\u2019ouvrage (analyse des am\u00e9nagements, mise en place de mesures de pr\u00e9vention et de sauvegarde pour une r\u00e9duction de la vuln\u00e9rabilit\u00e9) ;<\/li>\n<li>\u00e9laboration de documents d\u2019information sur les risques majeurs (DICRIM : Document d\u2019Information Communal sur les Risques Majeurs, DDRM : Dossier D\u00e9partemental sur les Risques Majeurs) ;<\/li>\n<li>conception d\u2019outils op\u00e9rationnels pour la pr\u00e9vention des risques (PAPI : Programmes d\u2019Actions de Pr\u00e9vention des Inondations) ;<\/li>\n<li>mise en place, en concertation avec les communes, d\u2019outils de gestion de crise (PCS : Plan Communal de Sauvegarde) ;<\/li>\n<li>r\u00e9alisation d\u2019outils de gestion et d\u2019aide \u00e0 la d\u00e9cision (SPI : Sch\u00e9ma de Pr\u00e9vention des Inondation),<\/li>\n<li>r\u00e9alisation de campagnes d\u2019information au public ;<\/li>\n<li>montage de formations sur mesure, conf\u00e9rences et\/ou s\u00e9minaires.<\/li>\n<\/ul>\n<p>&nbsp;<\/p>\n<p><a href=\"http:\/\/agerin.ovh\/index.php\/references\/risques-naturels\/\">&#8211; Voir les r\u00e9f\u00e9rences d&rsquo;AGERIN &#8211;<\/a><\/p>\n","protected":false},"excerpt":{"rendered":"<p>Enfin, engag\u00e9e dans la gestion des risques naturels, notre \u00e9quipe est aussi bien sp\u00e9cialis\u00e9e en : assistance \u00e0 ma\u00eetrise d\u2019ouvrage (analyse des am\u00e9nagements, mise en place de mesures de pr\u00e9vention et de sauvegarde pour une r\u00e9duction de la vuln\u00e9rabilit\u00e9) ; \u00e9laboration de documents d\u2019information sur les risques majeurs (DICRIM : Document d\u2019Information Communal sur les [&hellip;]<\/p>\n","protected":false},"author":1,"featured_media":0,"parent":1067,"menu_order":0,"comment_status":"closed","ping_status":"closed","template":"","meta":[],"_links":{"self":[{"href":"https:\/\/agerin.ovh\/index.php\/wp-json\/wp\/v2\/pages\/1194"}],"collection":[{"href":"https:\/\/agerin.ovh\/index.php\/wp-json\/wp\/v2\/pages"}],"about":[{"href":"https:\/\/agerin.ovh\/index.php\/wp-json\/wp\/v2\/types\/page"}],"author":[{"embeddable":true,"href":"https:\/\/agerin.ovh\/index.php\/wp-json\/wp\/v2\/users\/1"}],"replies":[{"embeddable":true,"href":"https:\/\/agerin.ovh\/index.php\/wp-json\/wp\/v2\/comments?post=1194"}],"version-history":[{"count":6,"href":"https:\/\/agerin.ovh\/index.php\/wp-json\/wp\/v2\/pages\/1194\/revisions"}],"predecessor-version":[{"id":1797,"href":"https:\/\/agerin.ovh\/index.php\/wp-json\/wp\/v2\/pages\/1194\/revisions\/1797"}],"up":[{"embeddable":true,"href":"https:\/\/agerin.ovh\/index.php\/wp-json\/wp\/v2\/pages\/1067"}],"wp:attachment":[{"href":"https:\/\/agerin.ovh\/index.php\/wp-json\/wp\/v2\/media?parent=1194"}],"curies":[{"name":"wp","href":"https:\/\/api.w.org\/{rel}","templated":true}]}}