








{"id":1196,"date":"2017-06-08T15:55:03","date_gmt":"2017-06-08T13:55:03","guid":{"rendered":"http:\/\/test.agerin.ovh\/?page_id=1196"},"modified":"2021-02-11T12:43:47","modified_gmt":"2021-02-11T10:43:47","slug":"expertise-mouvements-de-terrain","status":"publish","type":"page","link":"https:\/\/agerin.ovh\/index.php\/domaines-dactivite\/risques-naturels\/expertise-mouvements-de-terrain\/","title":{"rendered":"Expertise mouvements de terrain"},"content":{"rendered":"<hr \/>\n<div class=\"csRow\">\n<div class=\"csColumn\" style=\"margin: 0px; padding: 0px; float: left; width: 52.1%;\" data-csstartpoint=\"0\" data-csendpoint=\"500\" data-cswidth=\"52.1%\" data-csid=\"d42ffe77-f44c-3310-8325-3c1d77407b24\">\n<p style=\"text-align: justify;\">AGERIN compte dans son \u00e9quipe des experts sp\u00e9cialis\u00e9s en g\u00e9ologie, g\u00e9omorphologie, analyse et cartographie des al\u00e9as mouvements de terrain (glissements de terrain, chutes de blocs, affaissements effondrements). L\u2019\u00e9tude des mouvements de terrain est ax\u00e9e sur la d\u00e9termination des facteurs de pr\u00e9disposition (sols, formations g\u00e9ologiques, topographie) et des facteurs aggravants (eau, anthropisation) favorisant l\u2019apparition de ces ph\u00e9nom\u00e8nes.<\/p>\n<p style=\"text-align: justify;\">Diff\u00e9rents moyens sont mis en \u0153uvre pour mener \u00e0 bien une expertise\u00a0mouvements de terrain :<\/p>\n<ul>\n<li>\n<p style=\"text-align: justify;\">la collecte des documents existants (\u00e9tudes, articles de presse, base de donn\u00e9es RTM, G\u00e9orisques\u2026) ;<\/p>\n<\/li>\n<li>\n<p style=\"text-align: justify;\">l&rsquo;analyse par SIG (expositions, pentes, occupation du sol\u2026) ;<\/p>\n<\/li>\n<li>\n<p style=\"text-align: justify;\">l&rsquo;\u00e9tude fine de la g\u00e9ologie du secteur (d\u00e9finition du degr\u00e9 de sensibilit\u00e9 aux glissements de terrain selon la nature des sols et l\u2019alt\u00e9ration de la roche m\u00e8re, analyse structurale pour l\u2019\u00e9valuation de la fissuration des affleurements rocheux\u00a0: densit\u00e9 et orientation des fissures) ;<\/p>\n<\/li>\n<li>\n<p style=\"text-align: justify;\">l&rsquo;analyse diachronique de photographies a\u00e9riennes (\u00e9valuation de l\u2019\u00e9volution historique des model\u00e9s caract\u00e9ristiques des glissements, de l\u2019emprise des zones d\u2019\u00e9boulis vifs, de la morphologie des versants\u2026) ;<\/p>\n<\/li>\n<li>\n<p style=\"text-align: justify;\">l&rsquo;analyse par photo-interpr\u00e9tation sur des couples st\u00e9r\u00e9oscopiques de haute d\u00e9finition (facteurs favorisant l\u2019apparition et la propagation de mouvements de terrain\u00a0: pentes, ruptures de pentes\u2026) ;<\/p>\n<\/li>\n<li>\n<p style=\"text-align: justify;\">l&rsquo;analyse d\u2019images infrarouges (\u00e9volution du couvert v\u00e9g\u00e9tal, mise en \u00e9vidence des circulations d\u2019eau et de leurs discordances) ;<\/p>\n<\/li>\n<li>\n<p style=\"text-align: justify;\">une prospection de terrain approfondie permettant de d\u00e9finir les conditions de mise en place du model\u00e9 r\u00e9cent, les ph\u00e9nom\u00e8nes morphodynamiques en cours et leurs limites pr\u00e9cises (sur la base d\u2019indices g\u00e9omorphologiques\u00a0: fluage, reptations, d\u00e9crochements, cicatrices d\u2019arrachement\u2026).<\/p>\n<\/li>\n<\/ul>\n<p style=\"text-align: justify;\">Forte d\u2019une exp\u00e9rience co-construite par des projets multiples, l\u2019\u00e9quipe d&rsquo;AGERIN produit diff\u00e9rentes formes d\u2019\u00e9tudes telles que des diagnostics et des cartes d\u2019al\u00e9as \u00e0 diff\u00e9rentes \u00e9chelles (au 1\/5000<sup>\u00e8me<\/sup> dans le cadre des PPR avec des focus sur des zones \u00e0 enjeux).<\/p>\n<p>&nbsp;<\/p>\n<p><a href=\"http:\/\/agerin.ovh\/index.php\/references\/risques-naturels\/\">&#8211; Voir les r\u00e9f\u00e9rences d&rsquo;AGERIN &#8211;<\/a><\/p>\n<\/div>\n<div class=\"csColumnGap\" style=\"margin: 0px; padding: 0px; float: left; width: 9.38%;\"><img decoding=\"async\" src=\"http:\/\/agerin.ovh\/wp-content\/plugins\/advanced-wp-columns\/assets\/js\/plugins\/views\/img\/1x1-pixel.png\" \/><\/div>\n<div class=\"csColumn\" style=\"margin: 0px; padding: 0px; float: left; width: 38.5%;\" data-csstartpoint=\"590\" data-csendpoint=\"960\" data-cswidth=\"38.5%\" data-csid=\"ec74d9d1-91a3-1ca6-91be-1289af453219\">\n<p>[foogallery id=\u00a0\u00bb1742&Prime;]<\/p>\n<p>&nbsp;<\/p>\n<\/div>\n<div style=\"clear: both; float: none; display: block; visibility: hidden; width: 0px; font-size: 0px; line-height: 0;\"><\/div>\n<\/div>\n<p>&nbsp;<\/p>\n","protected":false},"excerpt":{"rendered":"<p>AGERIN compte dans son \u00e9quipe des experts sp\u00e9cialis\u00e9s en g\u00e9ologie, g\u00e9omorphologie, analyse et cartographie des al\u00e9as mouvements de terrain (glissements de terrain, chutes de blocs, affaissements effondrements). L\u2019\u00e9tude des mouvements de terrain est ax\u00e9e sur la d\u00e9termination des facteurs de pr\u00e9disposition (sols, formations g\u00e9ologiques, topographie) et des facteurs aggravants (eau, anthropisation) favorisant l\u2019apparition de ces [&hellip;]<\/p>\n","protected":false},"author":1,"featured_media":0,"parent":1067,"menu_order":0,"comment_status":"closed","ping_status":"closed","template":"","meta":[],"_links":{"self":[{"href":"https:\/\/agerin.ovh\/index.php\/wp-json\/wp\/v2\/pages\/1196"}],"collection":[{"href":"https:\/\/agerin.ovh\/index.php\/wp-json\/wp\/v2\/pages"}],"about":[{"href":"https:\/\/agerin.ovh\/index.php\/wp-json\/wp\/v2\/types\/page"}],"author":[{"embeddable":true,"href":"https:\/\/agerin.ovh\/index.php\/wp-json\/wp\/v2\/users\/1"}],"replies":[{"embeddable":true,"href":"https:\/\/agerin.ovh\/index.php\/wp-json\/wp\/v2\/comments?post=1196"}],"version-history":[{"count":17,"href":"https:\/\/agerin.ovh\/index.php\/wp-json\/wp\/v2\/pages\/1196\/revisions"}],"predecessor-version":[{"id":1934,"href":"https:\/\/agerin.ovh\/index.php\/wp-json\/wp\/v2\/pages\/1196\/revisions\/1934"}],"up":[{"embeddable":true,"href":"https:\/\/agerin.ovh\/index.php\/wp-json\/wp\/v2\/pages\/1067"}],"wp:attachment":[{"href":"https:\/\/agerin.ovh\/index.php\/wp-json\/wp\/v2\/media?parent=1196"}],"curies":[{"name":"wp","href":"https:\/\/api.w.org\/{rel}","templated":true}]}}