








{"id":1198,"date":"2017-06-08T15:55:28","date_gmt":"2017-06-08T13:55:28","guid":{"rendered":"http:\/\/test.agerin.ovh\/?page_id=1198"},"modified":"2017-06-19T16:59:05","modified_gmt":"2017-06-19T14:59:05","slug":"cartographie-hgm","status":"publish","type":"page","link":"https:\/\/agerin.ovh\/index.php\/domaines-dactivite\/risques-naturels\/cartographie-hgm\/","title":{"rendered":"Cartographie HGM"},"content":{"rendered":"<hr>\n<div class=\"csRow\">\n<div class=\"csColumn\" style=\"margin: 0px; padding: 0px; float: left; width: 52.1%;\" data-csstartpoint=\"0\" data-csendpoint=\"500\" data-cswidth=\"52.1%\" data-csid=\"b38212a3-49da-542a-bc09-f8b69c4f623b\">\n<p class=\"NormalAGERIN\" style=\"text-align: justify;\">AGERIN poss\u00e8de une solide exp\u00e9rience en cartographie hydro-g\u00e9omorphologique pr\u00e9alable \u00e0 l\u2019\u00e9tablissement de la cartographie de l\u2019al\u00e9a inondation et compl\u00e9mentaire \u00e0 la mod\u00e9lisation hydraulique. La m\u00e9thode hydro-g\u00e9omorphologique consiste \u00e0 distinguer les formes du model\u00e9 fluvial et \u00e0 identifier les traces laiss\u00e9es par le passage des crues inondantes.<\/p>\n<p class=\"NormalAGERIN\" style=\"text-align: justify;\">Il s\u2019agit d\u2019une approche naturaliste men\u00e9e par des sp\u00e9cialistes permettant de comprendre en d\u00e9tail la dynamique des bassins versant \u00e9tudi\u00e9s. La caract\u00e9risation morpho-s\u00e9dimentaire de tron\u00e7ons de cours d\u2019eau permet de mettre en exergue des zones en exhaussement, en incision, les dysfonctionnements hydro-morphologiques (zones d\u2019\u00e9rosion et de d\u00e9p\u00f4ts), la dynamique s\u00e9dimentaire, les ouvrages impactant (digues, remblais, seuils) ainsi que les espaces de bon fonctionnement (espace n\u00e9cessaire pour assurer les fonctions naturelles d\u2019un cours d\u2019eau).<\/p>\n<p class=\"NormalAGERIN\" style=\"text-align: justify;\">Dans un premier temps l\u2019analyse st\u00e9r\u00e9oscopique des photographies a\u00e9riennes permet de d\u00e9limiter les grands types de zones inondables et de les cartographier. Ensuite, lors des campagnes de terrain, un \u00e9tat des lieux et un diagnostic des contraintes et des conditions d\u2019\u00e9coulement sont dress\u00e9s et la topographie, la g\u00e9omorphologie et la dynamique des cours d\u2019eau sont \u00e9tudi\u00e9es en d\u00e9tail. Des enqu\u00eates aupr\u00e8s des riverains permettent le recensement de rep\u00e8res, de laisses de crues et la collecte de photographies historiques.<\/p>\n<p class=\"NormalAGERIN\" style=\"text-align: justify;\">Indispensable pour une \u00e9tude de qualit\u00e9, cette analyse est centrale, elle permet l\u2019am\u00e9lioration et la validation de la carte des ph\u00e9nom\u00e8nes et la r\u00e9alisation des cartes d\u2019al\u00e9as.<\/p>\n<p>&nbsp;<\/p>\n<p><a href=\"http:\/\/agerin.ovh\/index.php\/references\/risques-naturels\/\">&#8211; Voir les r\u00e9f\u00e9rences d&rsquo;AGERIN &#8211;<\/a><\/p>\n<\/div>\n<div class=\"csColumnGap\" style=\"margin: 0px; padding: 0px; float: left; width: 9.38%;\"><img decoding=\"async\" src=\"http:\/\/agerin.ovh\/wp-content\/plugins\/advanced-wp-columns\/assets\/js\/plugins\/views\/img\/1x1-pixel.png\"><\/div>\n<div class=\"csColumn\" style=\"margin: 0px; padding: 0px; float: left; width: 38.5%;\" data-csstartpoint=\"590\" data-csendpoint=\"960\" data-cswidth=\"38.5%\" data-csid=\"ced38890-cfe8-9b34-ba14-062e00758915\">\n<div style=\"text-align: center;\">\n<p>[foogallery id=\u00a0\u00bb1718&Prime;]<\/p>\n<\/div>\n<\/div>\n<div style=\"clear: both; float: none; display: block; visibility: hidden; width: 0px; font-size: 0px; line-height: 0;\">&nbsp;<\/div>\n<\/div>\n<p>&nbsp;<\/p>\n","protected":false},"excerpt":{"rendered":"<p>AGERIN poss\u00e8de une solide exp\u00e9rience en cartographie hydro-g\u00e9omorphologique pr\u00e9alable \u00e0 l\u2019\u00e9tablissement de la cartographie de l\u2019al\u00e9a inondation et compl\u00e9mentaire \u00e0 la mod\u00e9lisation hydraulique. La m\u00e9thode hydro-g\u00e9omorphologique consiste \u00e0 distinguer les formes du model\u00e9 fluvial et \u00e0 identifier les traces laiss\u00e9es par le passage des crues inondantes. Il s\u2019agit d\u2019une approche naturaliste men\u00e9e par des sp\u00e9cialistes [&hellip;]<\/p>\n","protected":false},"author":1,"featured_media":0,"parent":1067,"menu_order":0,"comment_status":"closed","ping_status":"closed","template":"","meta":[],"_links":{"self":[{"href":"https:\/\/agerin.ovh\/index.php\/wp-json\/wp\/v2\/pages\/1198"}],"collection":[{"href":"https:\/\/agerin.ovh\/index.php\/wp-json\/wp\/v2\/pages"}],"about":[{"href":"https:\/\/agerin.ovh\/index.php\/wp-json\/wp\/v2\/types\/page"}],"author":[{"embeddable":true,"href":"https:\/\/agerin.ovh\/index.php\/wp-json\/wp\/v2\/users\/1"}],"replies":[{"embeddable":true,"href":"https:\/\/agerin.ovh\/index.php\/wp-json\/wp\/v2\/comments?post=1198"}],"version-history":[{"count":10,"href":"https:\/\/agerin.ovh\/index.php\/wp-json\/wp\/v2\/pages\/1198\/revisions"}],"predecessor-version":[{"id":1795,"href":"https:\/\/agerin.ovh\/index.php\/wp-json\/wp\/v2\/pages\/1198\/revisions\/1795"}],"up":[{"embeddable":true,"href":"https:\/\/agerin.ovh\/index.php\/wp-json\/wp\/v2\/pages\/1067"}],"wp:attachment":[{"href":"https:\/\/agerin.ovh\/index.php\/wp-json\/wp\/v2\/media?parent=1198"}],"curies":[{"name":"wp","href":"https:\/\/api.w.org\/{rel}","templated":true}]}}