








{"id":1210,"date":"2017-06-08T15:59:49","date_gmt":"2017-06-08T13:59:49","guid":{"rendered":"http:\/\/test.agerin.ovh\/?page_id=1210"},"modified":"2021-02-11T15:27:43","modified_gmt":"2021-02-11T13:27:43","slug":"hydrologie","status":"publish","type":"page","link":"https:\/\/agerin.ovh\/index.php\/domaines-dactivite\/hydraulique\/hydrologie\/","title":{"rendered":"Hydrologie"},"content":{"rendered":"<hr \/>\n<div class=\"csRow\">\n<div class=\"csColumn\" style=\"margin: 0px; padding: 0px; float: left; width: 52.1%;\" data-csstartpoint=\"0\" data-csendpoint=\"500\" data-cswidth=\"52.1%\" data-csid=\"ed3bc823-3229-2c1c-b0cb-2ffb71bc2f8f\">\n<p style=\"text-align: justify;\">L\u2019hydrologie est une variable essentielle de nombreuses \u00e9tudes, que celles-ci contiennent des mod\u00e9lisations hydrauliques, des am\u00e9nagements en rivi\u00e8res ou qu\u2019elles aient attrait au ruissellement ou aux d\u00e9bits r\u00e9glementaires des installations en rivi\u00e8re.<\/p>\n<p style=\"text-align: justify;\">Nous r\u00e9alisation les analyses statistiques des stations hydrom\u00e9triques, la pr\u00e9d\u00e9termination des d\u00e9bits de crues par les formules adapt\u00e9es ainsi que l\u2019analyse des donn\u00e9es ant\u00e9rieures. Nous ma\u00eetrisons \u00e9galement les logiciels qui permettent d\u2019obtenir une analyse pouss\u00e9e des d\u00e9bits de projets (HEC-HMS, Hydro 2). Nous avons par ailleurs d\u00e9velopp\u00e9 notre propre outil de d\u00e9termination des d\u00e9bits de bassins non jaug\u00e9s, le logiciel <em>HYDROLOGIX, <\/em>capable de calculer en s\u00e9rie la plupart des formules d\u2019estimation des d\u00e9bits de bassins non jaug\u00e9s.<\/p>\n<p style=\"text-align: justify;\">Pour conclure, nous analysons l\u2019ensemble des informations recueillies et croisons les diff\u00e9rentes m\u00e9thodes d\u2019analyses de fa\u00e7on \u00e0 vous proposer la meilleure des expertises.<\/p>\n<\/div>\n<div class=\"csColumnGap\" style=\"margin: 0px; padding: 0px; float: left; width: 9.38%;\"><img decoding=\"async\" style=\"border: none;\" src=\"http:\/\/agerin.ovh\/wp-content\/plugins\/advanced-wp-columns\/assets\/js\/plugins\/views\/img\/1x1-pixel.png\" \/><\/div>\n<div class=\"csColumn\" style=\"margin: 0px; padding: 0px; float: left; width: 38.5%;\" data-csstartpoint=\"590\" data-csendpoint=\"960\" data-cswidth=\"38.5%\" data-csid=\"e496d95b-999b-edb9-b49e-52eb5d99f153\">\n<p>[foogallery id=\u00a0\u00bb1429&Prime;]<\/p>\n<\/div>\n<\/div>\n","protected":false},"excerpt":{"rendered":"<p>L\u2019hydrologie est une variable essentielle de nombreuses \u00e9tudes, que celles-ci contiennent des mod\u00e9lisations hydrauliques, des am\u00e9nagements en rivi\u00e8res ou qu\u2019elles aient attrait au ruissellement ou aux d\u00e9bits r\u00e9glementaires des installations en rivi\u00e8re. Nous r\u00e9alisation les analyses statistiques des stations hydrom\u00e9triques, la pr\u00e9d\u00e9termination des d\u00e9bits de crues par les formules adapt\u00e9es ainsi que l\u2019analyse des donn\u00e9es [&hellip;]<\/p>\n","protected":false},"author":1,"featured_media":0,"parent":1074,"menu_order":0,"comment_status":"closed","ping_status":"closed","template":"","meta":[],"_links":{"self":[{"href":"https:\/\/agerin.ovh\/index.php\/wp-json\/wp\/v2\/pages\/1210"}],"collection":[{"href":"https:\/\/agerin.ovh\/index.php\/wp-json\/wp\/v2\/pages"}],"about":[{"href":"https:\/\/agerin.ovh\/index.php\/wp-json\/wp\/v2\/types\/page"}],"author":[{"embeddable":true,"href":"https:\/\/agerin.ovh\/index.php\/wp-json\/wp\/v2\/users\/1"}],"replies":[{"embeddable":true,"href":"https:\/\/agerin.ovh\/index.php\/wp-json\/wp\/v2\/comments?post=1210"}],"version-history":[{"count":11,"href":"https:\/\/agerin.ovh\/index.php\/wp-json\/wp\/v2\/pages\/1210\/revisions"}],"predecessor-version":[{"id":1968,"href":"https:\/\/agerin.ovh\/index.php\/wp-json\/wp\/v2\/pages\/1210\/revisions\/1968"}],"up":[{"embeddable":true,"href":"https:\/\/agerin.ovh\/index.php\/wp-json\/wp\/v2\/pages\/1074"}],"wp:attachment":[{"href":"https:\/\/agerin.ovh\/index.php\/wp-json\/wp\/v2\/media?parent=1210"}],"curies":[{"name":"wp","href":"https:\/\/api.w.org\/{rel}","templated":true}]}}