








{"id":1212,"date":"2017-06-08T16:00:27","date_gmt":"2017-06-08T14:00:27","guid":{"rendered":"http:\/\/test.agerin.ovh\/?page_id=1212"},"modified":"2021-02-11T15:20:42","modified_gmt":"2021-02-11T13:20:42","slug":"modelisation-hydraulique","status":"publish","type":"page","link":"https:\/\/agerin.ovh\/index.php\/domaines-dactivite\/hydraulique\/modelisation-hydraulique\/","title":{"rendered":"Mod\u00e9lisation hydraulique"},"content":{"rendered":"<hr \/>\n<div class=\"csRow\">\n<div class=\"csColumn\" style=\"margin: 0px; padding: 0px; float: left; width: 100.1%;\" data-csstartpoint=\"0\" data-csendpoint=\"500\" data-cswidth=\"52.1%\" data-csid=\"eb72bcb6-1b3f-830a-9b01-26d00219cd8e\">\n<p style=\"text-align: justify;\">Nous sommes sp\u00e9cialis\u00e9s dans la r\u00e9alisation de mod\u00e9lisations hydrauliques en 1D ou 2D que ce soit en rivi\u00e8re, dans des \u00a0canaux naturels ou artificiels ou pour des r\u00e9seaux hydrauliques en charge ou \u00e0 surface libre.<\/p>\n<p style=\"text-align: justify;\">Notre expertise et notre exp\u00e9rience dans ce domaine nous permettent de vous proposer les logiciels les mieux adapt\u00e9s \u00e0 votre probl\u00e9matique (<em>HEC-RAS, ISIS, EPA-SWMM, Flood-Modeller, etc.<\/em>)<\/p>\n<p style=\"text-align: justify;\">Que ce soit dans le cadre de la r\u00e9alisation de PPR, lors de la conception de vos r\u00e9seaux, de la r\u00e9novation ou de la conception d\u2019organes hydrauliques, notre \u00e9quipe peut vous accompagner.<\/p>\n<p>&nbsp;<\/p>\n<\/div>\n<p>&nbsp;<\/p>\n<div class=\"csColumn\" style=\"margin: 0px; padding: 0px; float: left; width: 90.1%;\" data-csstartpoint=\"0\" data-csendpoint=\"500\" data-cswidth=\"52.1%\" data-csid=\"eb72bcb6-1b3f-830a-9b01-26d00219cd8e\">\n<p>[foogallery id=\u00a0\u00bb1300&Prime;]<\/p>\n<\/div>\n<div class=\"csColumnGap\" style=\"margin: 0px; padding: 0px; float: left; width: 9.38%;\"><img decoding=\"async\" style=\"border: none;\" src=\"http:\/\/agerin.ovh\/wp-content\/plugins\/advanced-wp-columns\/assets\/js\/plugins\/views\/img\/1x1-pixel.png\" \/><\/div>\n<div class=\"csColumn\" style=\"margin: 0px; padding: 0px; float: left; width: 38.5%;\" data-csstartpoint=\"590\" data-csendpoint=\"960\" data-cswidth=\"38.5%\" data-csid=\"d7a510c1-db58-a2df-963b-b6b2bb7fd44c\"><\/div>\n<\/div>\n","protected":false},"excerpt":{"rendered":"<p>Nous sommes sp\u00e9cialis\u00e9s dans la r\u00e9alisation de mod\u00e9lisations hydrauliques en 1D ou 2D que ce soit en rivi\u00e8re, dans des \u00a0canaux naturels ou artificiels ou pour des r\u00e9seaux hydrauliques en charge ou \u00e0 surface libre. Notre expertise et notre exp\u00e9rience dans ce domaine nous permettent de vous proposer les logiciels les mieux adapt\u00e9s \u00e0 votre [&hellip;]<\/p>\n","protected":false},"author":1,"featured_media":0,"parent":1074,"menu_order":0,"comment_status":"closed","ping_status":"closed","template":"","meta":[],"_links":{"self":[{"href":"https:\/\/agerin.ovh\/index.php\/wp-json\/wp\/v2\/pages\/1212"}],"collection":[{"href":"https:\/\/agerin.ovh\/index.php\/wp-json\/wp\/v2\/pages"}],"about":[{"href":"https:\/\/agerin.ovh\/index.php\/wp-json\/wp\/v2\/types\/page"}],"author":[{"embeddable":true,"href":"https:\/\/agerin.ovh\/index.php\/wp-json\/wp\/v2\/users\/1"}],"replies":[{"embeddable":true,"href":"https:\/\/agerin.ovh\/index.php\/wp-json\/wp\/v2\/comments?post=1212"}],"version-history":[{"count":15,"href":"https:\/\/agerin.ovh\/index.php\/wp-json\/wp\/v2\/pages\/1212\/revisions"}],"predecessor-version":[{"id":1965,"href":"https:\/\/agerin.ovh\/index.php\/wp-json\/wp\/v2\/pages\/1212\/revisions\/1965"}],"up":[{"embeddable":true,"href":"https:\/\/agerin.ovh\/index.php\/wp-json\/wp\/v2\/pages\/1074"}],"wp:attachment":[{"href":"https:\/\/agerin.ovh\/index.php\/wp-json\/wp\/v2\/media?parent=1212"}],"curies":[{"name":"wp","href":"https:\/\/api.w.org\/{rel}","templated":true}]}}