








{"id":17,"date":"2016-07-21T14:48:43","date_gmt":"2016-07-21T12:48:43","guid":{"rendered":"http:\/\/test.agerin.ovh\/?page_id=17"},"modified":"2017-06-14T12:42:02","modified_gmt":"2017-06-14T10:42:02","slug":"formation","status":"publish","type":"page","link":"https:\/\/agerin.ovh\/index.php\/references\/formation\/","title":{"rendered":"Formation"},"content":{"rendered":"<hr>\n<p class=\"font_8\" dir=\"ltr\" style=\"text-align: justify;\">Pour vos besoins de formation relatifs \u00e0 nos domaines de comp\u00e9tence (gestion de cours d\u2019eau, dynamique fluviale, hydraulique, gestion des risques\u2026), nous r\u00e9alisons des formations de 1 journ\u00e9e \u00e0 1 semaine pour des groupes pouvant aller jusqu\u2019\u00e0 30 \u00e0 40 personnes, avec une alternance entre l\u2019enseignement en salle, les travaux pratiques et les visites sur le terrain.<\/p>\n<p class=\"font_8\" dir=\"ltr\" style=\"text-align: justify;\">A ce jour, nous avons r\u00e9alis\u00e9 des formations pour plusieurs organismes, dont l\u2019ONF, le LEGTA d\u2019AHUN (23), l\u2019Universit\u00e9 de Limoges, le Centre National de Fonction Publique Territoriale (Direction de Midi-Pyr\u00e9n\u00e9es), l\u2019Institut Agronomique M\u00e9diterran\u00e9en de Montpellier, Sup-Agro de Florac ou encore l\u2019\u00e9cole d\u2019Architecture de Toulouse.<\/p>\n<p>&nbsp;<br \/>\n<span style=\"text-decoration: underline;\"><strong>Formations dispens\u00e9es :<\/strong><\/span><\/p>\n<ul class=\"font_8\" style=\"text-align: justify;\">\n<li>\n<p class=\"font_8\">Dynamique morphologique et gestion des cours d\u2019eau. <span style=\"font-size: 10pt;\"><em>FNE, NMP, le Vernet (2015).<\/em><\/span><\/p>\n<\/li>\n<li>\n<p class=\"font_8\">Les ouvrages de franchissement piscicole. <span style=\"font-size: 10pt;\"><em>FNE, NMP, le Vernet (2013).<\/em><\/span><\/p>\n<\/li>\n<li>\n<p class=\"font_8\">Gestion des petit bassins versants et ralentissement dynamique. <span style=\"font-size: 10pt;\"><em>Formation technicien rivi\u00e8re, CNFPT Midi-Pyr\u00e9n\u00e9es, Foix (2011).<\/em><\/span><\/p>\n<\/li>\n<li>\n<p class=\"font_8\">La prise en compte de l\u2019eau dans les projets d\u2019am\u00e9nagement. <span style=\"font-size: 10pt;\"><em>Formation continue des architectes, Ecole d\u2019Architecture de Toulouse (2010).<\/em><\/span><\/p>\n<\/li>\n<li>\n<p class=\"font_8\">Petits am\u00e9nagements de bassin versant et ralentissement dynamique. <span style=\"font-size: 10pt;\"><em>Formation technicien rivi\u00e8re. CNFPT Midi-Pyr\u00e9n\u00e9es (novembre 2010).<\/em><\/span><\/p>\n<\/li>\n<li>\n<p class=\"font_8\">Le suivi de chantier en rivi\u00e8re.<span style=\"font-size: 10pt;\"><em> CNFPT Midi-Pyr\u00e9n\u00e9es (juin 2010)<\/em><\/span><\/p>\n<\/li>\n<li>\n<p class=\"font_8\">La faune aquatique : quels am\u00e9nagements ? <span style=\"font-size: 10pt;\"><em>CNFPT Midi-Pyr\u00e9n\u00e9es (octobre 2009)<\/em><\/span><\/p>\n<\/li>\n<li>\n<p class=\"font_8\">Intervention dans formation RTM. <span style=\"font-size: 10pt;\"><em>ONF (juin 2009)<\/em><\/span><\/p>\n<\/li>\n<li>\n<p class=\"font_8\">La restauration des terrains en montagne. El\u00e9ments d\u2019hydrologie et d\u2019hydraulique torrentiels. <span style=\"font-size: 10pt;\"><em>Institut Agronomique M\u00e9diterran\u00e9en, Montpellier (2009).<\/em><\/span><\/p>\n<\/li>\n<li>\n<p class=\"font_8\">Am\u00e9nagements piscicoles. <span style=\"font-size: 10pt;\"><em>Formation technicien rivi\u00e8re, CNFPT Midi-Pyr\u00e9n\u00e9es (septembre 2008).<\/em><\/span><\/p>\n<\/li>\n<li>\n<p class=\"font_8\">Le g\u00e9nie v\u00e9g\u00e9tal et les techniques alternatives. <span style=\"font-size: 10pt;\"><em>Formation technicien rivi\u00e8re, CNFPT Midi-Pyr\u00e9n\u00e9es (juin 2008).<\/em><\/span><\/p>\n<\/li>\n<li>\n<p class=\"font_8\">Am\u00e9nagements et ralentissement dynamique sur les petits bassins versants. <span style=\"font-size: 10pt;\"><em>Formation technicien rivi\u00e8re, CNFPT Midi-Pyr\u00e9n\u00e9es (mars 2008).<\/em><\/span><\/p>\n<\/li>\n<li>\n<p class=\"font_8\">Ecologie des rivi\u00e8res &#8211; Interactions entre milieu physique et compartiment biologique des cours d&rsquo;eau. <span style=\"font-size: 10pt;\"><em>Minist\u00e8re de l&rsquo;Agriculture et de la For\u00eat, CEP de Florac. Florac (juillet 2006).<\/em><\/span><\/p>\n<\/li>\n<li>\n<p class=\"font_8\">Les crues et am\u00e9nagements des bassins versants. <span style=\"font-size: 10pt;\"><em>Formation technicien rivi\u00e8re, CNFPT Midi-Pyr\u00e9n\u00e9es, livret de 45 p. (juin 2005).<\/em><\/span><\/p>\n<\/li>\n<li>\n<p class=\"font_8\">La rivi\u00e8re son cadre physique. <span style=\"font-size: 10pt;\"><em>Journ\u00e9e FOP de l\u2019ONF, livret de 27 p. (mars 2001).<\/em><\/span><\/p>\n<\/li>\n<li>\n<p class=\"font_8\">La gestion patrimoniale des syst\u00e8mes fluviaux. <span style=\"font-size: 10pt;\"><em>IUP, valorisation du Patrimoine rural, Legta d\u2019Ahun (2001).<\/em><\/span><\/p>\n<\/li>\n<li>\n<p class=\"font_8\">La gestion patrimoniale des syst\u00e8mes fluviaux. <span style=\"font-size: 10pt;\"><em>Universit\u00e9 de Limoges (2001).<\/em><\/span><\/p>\n<\/li>\n<\/ul>\n","protected":false},"excerpt":{"rendered":"<p>Pour vos besoins de formation relatifs \u00e0 nos domaines de comp\u00e9tence (gestion de cours d\u2019eau, dynamique fluviale, hydraulique, gestion des risques\u2026), nous r\u00e9alisons des formations de 1 journ\u00e9e \u00e0 1 semaine pour des groupes pouvant aller jusqu\u2019\u00e0 30 \u00e0 40 personnes, avec une alternance entre l\u2019enseignement en salle, les travaux pratiques et les visites sur [&hellip;]<\/p>\n","protected":false},"author":1,"featured_media":0,"parent":1069,"menu_order":0,"comment_status":"closed","ping_status":"closed","template":"","meta":[],"_links":{"self":[{"href":"https:\/\/agerin.ovh\/index.php\/wp-json\/wp\/v2\/pages\/17"}],"collection":[{"href":"https:\/\/agerin.ovh\/index.php\/wp-json\/wp\/v2\/pages"}],"about":[{"href":"https:\/\/agerin.ovh\/index.php\/wp-json\/wp\/v2\/types\/page"}],"author":[{"embeddable":true,"href":"https:\/\/agerin.ovh\/index.php\/wp-json\/wp\/v2\/users\/1"}],"replies":[{"embeddable":true,"href":"https:\/\/agerin.ovh\/index.php\/wp-json\/wp\/v2\/comments?post=17"}],"version-history":[{"count":19,"href":"https:\/\/agerin.ovh\/index.php\/wp-json\/wp\/v2\/pages\/17\/revisions"}],"predecessor-version":[{"id":1688,"href":"https:\/\/agerin.ovh\/index.php\/wp-json\/wp\/v2\/pages\/17\/revisions\/1688"}],"up":[{"embeddable":true,"href":"https:\/\/agerin.ovh\/index.php\/wp-json\/wp\/v2\/pages\/1069"}],"wp:attachment":[{"href":"https:\/\/agerin.ovh\/index.php\/wp-json\/wp\/v2\/media?parent=17"}],"curies":[{"name":"wp","href":"https:\/\/api.w.org\/{rel}","templated":true}]}}