








{"id":2035,"date":"2023-07-21T12:38:52","date_gmt":"2023-07-21T10:38:52","guid":{"rendered":"http:\/\/agerin.ovh\/?page_id=2035"},"modified":"2023-07-21T18:56:01","modified_gmt":"2023-07-21T16:56:01","slug":"nos-engagements","status":"publish","type":"page","link":"https:\/\/agerin.ovh\/index.php\/societe\/nos-engagements\/","title":{"rendered":"Nos engagements"},"content":{"rendered":"<p>Chez AGERIN, nous nous engageons \u00e0 mener nos dossiers de A \u00e0 Z, ce qui nous permet de proposer \u00e0 nos clients des solutions \u00e0 la fois innovantes et r\u00e9alistes. Notre \u00e9quipe est en mesure de g\u00e9rer l&rsquo;int\u00e9gralit\u00e9 des dossiers, depuis la prise en compte des souhaits du client jusqu&rsquo;\u00e0 la r\u00e9alisation de la solution con\u00e7ue.<\/p>\n<p>Cette approche nous permet de fournir \u00e0 nos clients une vision globale des dossiers, de leur conception \u00e0 leur r\u00e9alisation, tout en favorisant le d\u00e9veloppement des comp\u00e9tences de notre \u00e9quipe gr\u00e2ce \u00e0 un partage et une formation interne.<\/p>\n<p>Nous valorisons la diversit\u00e9 des profils au sein de notre \u00e9quipe, afin de progresser collectivement et d&rsquo;apporter des perspectives vari\u00e9es pour proposer des solutions prenant en compte tous les aspects des dossiers de nos clients.<\/p>\n<p>Notre d\u00e9marche interne de mont\u00e9e en comp\u00e9tences de nos salari\u00e9s constitue un atout tant pour nos clients que pour nos collaborateurs. De plus, notre organisation interne favorise la r\u00e9activit\u00e9 en acc\u00e9l\u00e9rant les \u00e9changes et les prises de d\u00e9cision entre nos diff\u00e9rents experts.<\/p>\n<p>Nous mettons en avant le partage d&rsquo;exp\u00e9riences afin de renforcer les comp\u00e9tences de nos collaborateurs et de proposer des solutions de qualit\u00e9 \u00e0 nos clients<\/p>\n<p>&nbsp;<\/p>\n<p><a href=\"https:\/\/agerin.ovh\/index.php\/contact\/\"><span class=\"ui-provider fz b c d e f g h i j k l m n o p q r s t u v w x y z ab ac ae af ag ah ai aj ak\" dir=\"ltr\">N&rsquo;h\u00e9sitez pas \u00e0 nous contacter pour plus d&rsquo;information ou toute autre demande.<\/span><\/a><\/p>\n<p>&nbsp;<\/p>\n<p><a href=\"https:\/\/agerin.ovh\/index.php\/offres-demploi\/\"><span class=\"ui-provider fz b c d e f g h i j k l m n o p q r s t u v w x y z ab ac ae af ag ah ai aj ak\" dir=\"ltr\">Voir les offres d&#8217;emploi d&rsquo;AGERIN<\/span><\/a><\/p>\n","protected":false},"excerpt":{"rendered":"<p>Chez AGERIN, nous nous engageons \u00e0 mener nos dossiers de A \u00e0 Z, ce qui nous permet de proposer \u00e0 nos clients des solutions \u00e0 la fois innovantes et r\u00e9alistes. Notre \u00e9quipe est en mesure de g\u00e9rer l&rsquo;int\u00e9gralit\u00e9 des dossiers, depuis la prise en compte des souhaits du client jusqu&rsquo;\u00e0 la r\u00e9alisation de la solution [&hellip;]<\/p>\n","protected":false},"author":1,"featured_media":0,"parent":1072,"menu_order":1,"comment_status":"closed","ping_status":"closed","template":"","meta":[],"_links":{"self":[{"href":"https:\/\/agerin.ovh\/index.php\/wp-json\/wp\/v2\/pages\/2035"}],"collection":[{"href":"https:\/\/agerin.ovh\/index.php\/wp-json\/wp\/v2\/pages"}],"about":[{"href":"https:\/\/agerin.ovh\/index.php\/wp-json\/wp\/v2\/types\/page"}],"author":[{"embeddable":true,"href":"https:\/\/agerin.ovh\/index.php\/wp-json\/wp\/v2\/users\/1"}],"replies":[{"embeddable":true,"href":"https:\/\/agerin.ovh\/index.php\/wp-json\/wp\/v2\/comments?post=2035"}],"version-history":[{"count":4,"href":"https:\/\/agerin.ovh\/index.php\/wp-json\/wp\/v2\/pages\/2035\/revisions"}],"predecessor-version":[{"id":2041,"href":"https:\/\/agerin.ovh\/index.php\/wp-json\/wp\/v2\/pages\/2035\/revisions\/2041"}],"up":[{"embeddable":true,"href":"https:\/\/agerin.ovh\/index.php\/wp-json\/wp\/v2\/pages\/1072"}],"wp:attachment":[{"href":"https:\/\/agerin.ovh\/index.php\/wp-json\/wp\/v2\/media?parent=2035"}],"curies":[{"name":"wp","href":"https:\/\/api.w.org\/{rel}","templated":true}]}}