








{"id":313,"date":"2016-07-29T14:52:56","date_gmt":"2016-07-29T12:52:56","guid":{"rendered":"http:\/\/test.agerin.ovh\/?page_id=313"},"modified":"2018-06-21T12:25:55","modified_gmt":"2018-06-21T10:25:55","slug":"ecohydraulique-hydroelectricite","status":"publish","type":"page","link":"https:\/\/agerin.ovh\/index.php\/references\/ecohydraulique-hydroelectricite\/","title":{"rendered":"Ecohydraulique &#8211; Continuit\u00e9 \u00e9cologique &#8211; Hydro\u00e9lectricit\u00e9"},"content":{"rendered":"<hr \/>\n<div class=\"csRow\">\n<div class=\"csColumn\" style=\"margin: 0px; padding: 0px; float: left; width: 52.1%;\" data-csstartpoint=\"0\" data-csendpoint=\"500\" data-cswidth=\"52.1%\" data-csid=\"2c297d4c-5360-d676-8daf-46dc71e590b6\">\n<div style=\"text-align: justify;\">\n<p class=\"font_7\"><strong><span style=\"text-decoration: underline;\">2017<\/span> :<\/strong><\/p>\n<ul>\n<li>\n<p class=\"font_7\">Etude pr\u00e9alable \u00e0 l&rsquo;effacement total du seuil de pont d&rsquo;Alb\u00e8ne \u00e0 Saurat (09)<br \/>\n<em>Ma\u00eetrise d\u2019Ouvrage : SYMAR<br \/>\n<\/em><\/p>\n<\/li>\n<\/ul>\n<p>&nbsp;<\/p>\n<p class=\"font_7\"><span style=\"text-decoration: underline;\"><strong>2016 :<\/strong><\/span><\/p>\n<ul>\n<li>\n<p class=\"font_7\">R\u00e9alisation du dossier d\u2019autorisation d\u2019augmentation de puissance et son \u00e9tude d\u2019impact pour le Moulin de Pra sur la C\u00e8re (19).<br \/>\n<span style=\"font-size: 10pt;\"><em>Ma\u00eetrise d\u2019Ouvrage : HYDROCOP.<\/em><\/span><\/p>\n<\/li>\n<li>\n<p class=\"font_7\">Etude de la gestion du transport solide du barrage de Soues (65) et du canal d\u2019alimentation de la centrale.<br \/>\n<span style=\"font-size: 10pt;\"><em>Ma\u00eetrise d\u2019Ouvrage : SARL CALAS.<\/em><\/span><\/p>\n<\/li>\n<li>\n<p class=\"font_7\">Projet de centrale hydro\u00e9lectrique sur le Touyre \u00e0 Montferrier (09). Etude de faisabilit\u00e9. R\u00e9alisation du dossier de demande administrative. R\u00e9alisation du document d&rsquo;incidence avec ses mesures compensatoires. Ma\u00eetrise d&rsquo;\u0153uvre des travaux de construction de la centrale.<br \/>\n<span style=\"font-size: 10pt;\"><em>Ma\u00eetrise d\u2019Ouvrage : <\/em><em>SGEH.<\/em><\/span><\/p>\n<\/li>\n<\/ul>\n<p>&nbsp;<\/p>\n<p class=\"font_7\"><span style=\"text-decoration: underline;\"><strong>2015 :<\/strong><\/span><\/p>\n<ul>\n<li>\n<p class=\"font_7\">Audit complet des centrales d\u2019Albi\u00e8s, Urs et Luzenac (09).<br \/>\n<span style=\"font-size: 10pt;\"><em>Ma\u00eetrise d\u2019Ouvrage : Imerys Talc.<\/em><\/span><\/p>\n<\/li>\n<li>\n<p class=\"font_7\">Etude du rendement des turbines des centrales de Crampagna et de Guilhot (09).<br \/>\n<span style=\"font-size: 10pt;\"><em>Ma\u00eetrise d\u2019Ouvrage : ONDULIA.<\/em><\/span><\/p>\n<\/li>\n<li>\n<p class=\"font_7\">Etude du rendement de la turbine de la centrale de Vieux Moulin \u00e0 Saint-Jean-de-Verges (09).<br \/>\n<span style=\"font-size: 10pt;\"><em>Ma\u00eetrise d\u2019Ouvrage : Soci\u00e9t\u00e9 du Vieux Moulin.<\/em><\/span><\/p>\n<\/li>\n<li>\n<p class=\"font_7\">Etude du transport solide par mod\u00e9lisation 2D au droit de la sortie de la turbine 4 (DIVE) de la centrale de Las Rives (09).<br \/>\n<span style=\"font-size: 10pt;\"><em>Ma\u00eetrise d\u2019Ouvrage : ONDULIA-SHEMA.<\/em><\/span><\/p>\n<\/li>\n<li>\n<p class=\"font_7\">Dossier de demande d\u2019autorisation de droit d\u2019eau dans le cadre d\u2019une augmentation de puissance pour la centrale du Moulin de Pra sur la C\u00e8re (19).<br \/>\n<span style=\"font-size: 10pt;\"><em>Ma\u00eetrise d\u2019Ouvrage : HYDROCOP.<\/em><\/span><\/p>\n<\/li>\n<li>\n<p class=\"font_7\">Etude de stabilit\u00e9 des bajoyers du canal d\u2019amen\u00e9 de la centrale de Luzenac (09).<br \/>\n<span style=\"font-size: 10pt;\"><em>Ma\u00eetrise d\u2019Ouvrage : Imerys Talc.<\/em><\/span><\/p>\n<\/li>\n<li>\n<p class=\"font_7\">Etude du transit s\u00e9dimentaire par mod\u00e9lisation hydraulique 2D dans le tron\u00e7on court-circuit\u00e9 de la centrale de Las-Rives (09).<br \/>\n<span style=\"font-size: 10pt;\"><em>Ma\u00eetrise d\u2019Ouvrage : ONDULIA-SHEMA.<\/em><\/span><\/p>\n<\/li>\n<li>\n<p class=\"font_7\">Etude de d\u00e9gravoiement du barrage de la centrale de Las Mijeanes (09).<br \/>\n<span style=\"font-size: 10pt;\"><em>Ma\u00eetrise d\u2019Ouvrage : ONDULIA-SHEMA.<\/em><\/span><\/p>\n<\/li>\n<li>\n<p class=\"font_7\">Etude de r\u00e9novation de la prise d\u2019eau de Font-Fr\u00e8de (09).<br \/>\n<span style=\"font-size: 10pt;\"><em>Ma\u00eetrise d\u2019Ouvrage : EDF &#8211; UPSO.<\/em><\/span><\/p>\n<\/li>\n<li>\n<p class=\"font_7\">Etude des d\u00e9valaisons des centrales d\u2019Albi\u00e8s, Urs et Luzenac.<br \/>\n<span style=\"font-size: 10pt;\"><em>Ma\u00eetrise d\u2019Ouvrage : Imerys Talc.<\/em><\/span><\/p>\n<\/li>\n<li>\n<p class=\"font_7\">Etude des capacit\u00e9s hydrauliques de la galerie de Couart (09).<br \/>\n<span style=\"font-size: 10pt;\"><em>Ma\u00eetrise d\u2019Ouvrage : EDF-UPSO.<\/em><\/span><\/p>\n<\/li>\n<\/ul>\n<p>&nbsp;<\/p>\n<p class=\"font_7\"><span style=\"text-decoration: underline;\"><strong>2014 :<\/strong><\/span><\/p>\n<ul>\n<li>\n<p class=\"font_7\">Analyse des incidences des \u00e9clus\u00e9es sur le Lot pour les populations piscicoles et d\u00e9finition de mesures correctrices \u2013 Etude compl\u00e9mentaire.<br \/>\n<span style=\"font-size: 10pt;\"><em>Ma\u00eetrise d\u2019Ouvrage : ETPB l&rsquo;Entente Lot.<\/em><\/span><\/p>\n<\/li>\n<li>\n<p class=\"font_7\">Renouvellement d\u2019autorisation de l\u2019Usine de Campagna de Sault sur le Ruisseau de Salvani\u00e8re (Usine de Campagna 1).<br \/>\n<span style=\"font-size: 10pt;\"><em>Ma\u00eetrise d\u2019Ouvrage : Soci\u00e9t\u00e9 Hydro-\u00e9lectrique Pyr\u00e9n\u00e9enne.<\/em><\/span><\/p>\n<\/li>\n<li>\n<p class=\"font_7\">Etude de faisabilit\u00e9 d\u2019une centrale hydro\u00e9lectrique \u00e0 Argel\u00e8s-Gazost sur le Gave de Pau au Lac Vert (65).<br \/>\n<em><span style=\"font-size: 10pt;\">Ma\u00eetrise d&rsquo;Ouvrage : SARL LATAPIE.<\/span><\/em><\/p>\n<\/li>\n<li>\n<p class=\"font_7\">Etude de l\u2019incidence sur les lignes d\u2019eau en crue du barrage de la centrale hydro\u00e9lectrique de Bonrepaux.<br \/>\n<span style=\"font-size: 10pt;\"><em>Ma\u00eetrise d\u2019Ouvrage : Commune de Prat-Bonrepaux (09).<\/em><\/span><\/p>\n<\/li>\n<li>\n<p class=\"font_7\">Etude d\u2019am\u00e9nagement et de r\u00e9ouverture de la prise de de Font-Fr\u00e8de (09).<br \/>\n<span style=\"font-size: 10pt;\"><em>Ma\u00eetrise d\u2019Ouvrage : EDF \u2013 UPSO.<\/em><\/span><\/p>\n<\/li>\n<li>\n<p class=\"font_7\">Demande de reconnaissance du Fondement en titre du droit d\u2019eau de l\u2019Usine hydro\u00e9lectrique du Moulin de r\u00e9gis sur la Ba\u00efse \u00e0 Mirande (32).<br \/>\n<span style=\"font-size: 10pt;\"><em>Ma\u00eetrise d\u2019Ouvrage : Compagnie Electrique des Pyr\u00e9n\u00e9es.<\/em><\/span><\/p>\n<\/li>\n<li>\n<p class=\"font_7\">Etude de contr\u00f4le et mesures des d\u00e9bits r\u00e9serv\u00e9s des prises d\u2019eau de : Fourats Aiguelongue, Estagnas, En Beys, Coumette, Nabre, M\u00e9rens, Barrage de Laparan, Sirbal, Coume de Subra, Barrage du Laurenti, Prise d&rsquo;Eau du Laurenti, Linas.<br \/>\n<span style=\"font-size: 10pt;\"><em>Ma\u00eetrise d\u2019Ouvrage : EDF-GEH Ari\u00e8ge, GU d\u2019Ax-les-Thermes, GU d\u2019Auzat, GU d\u2019Aston, GU Aude-Tech.<\/em><\/span><\/p>\n<\/li>\n<\/ul>\n<p>&nbsp;<\/p>\n<p class=\"font_7\"><span style=\"text-decoration: underline;\"><strong>2013 :<\/strong><\/span><\/p>\n<ul>\n<li>\n<p class=\"font_7\">Etude de dispositifs de montaison et de d\u00e9valaison \u00e0 la prise d&rsquo;eau du moulin de Corneville sur Risle (27).<br \/>\n<span style=\"font-size: 10pt;\"><em>Ma\u00eetrise d\u2019Ouvrage : TECHNIMAT.<\/em><\/span><\/p>\n<\/li>\n<li>\n<p class=\"font_7\">Etude de dispositifs de montaison et de d\u00e9valaison \u00e0 la prise d&rsquo;eau de l\u2019usine hydro\u00e9lectrique Fount de Sicre \u00e0 Montferrier (09).<br \/>\n<span style=\"font-size: 10pt;\"><em>Ma\u00eetrise d\u2019Ouvrage : Sarl PEPO.<\/em><\/span><\/p>\n<\/li>\n<li>\n<p class=\"font_7\">Etude d\u2019une passe de montaison sur la Salat \u00e0 Saint Girons (09).<br \/>\n<span style=\"font-size: 10pt;\"><em>Ma\u00eetrise d\u2019Ouvrage : Commune de Saint-Girons.<\/em><\/span><\/p>\n<\/li>\n<li>\n<p class=\"font_7\">Etude de dispositif de montaison et de d\u00e9valaison \u00e0 la prise d&rsquo;eau de la centrale hydro\u00e9lectrique du moulin Prieur \u00e0 Saint Philbert sur Risle (27).<br \/>\n<span style=\"font-size: 10pt;\"><em>Ma\u00eetrise d\u2019Ouvrage : REE.<\/em><\/span><\/p>\n<\/li>\n<li>\n<p class=\"font_7\">Expertise et proposition de mise aux normes des dispositifs de montaison et de d\u00e9valaison des centrales hydro\u00e9lectriques d&rsquo;Urs, d&rsquo;Albi\u00e8s et de Luzenac sur l&rsquo;Ari\u00e8ge.<br \/>\n<span style=\"font-size: 10pt;\"><em>Ma\u00eetrise d\u2019Ouvrage : Imerys Talc.<\/em><\/span><\/p>\n<\/li>\n<li>\n<p class=\"font_7\">Analyse des incidences des \u00e9clus\u00e9es du barrage de Castet sur le Gave d&rsquo;Ossau sur les populations de truites et de saumons atlantiques.<br \/>\n<span style=\"font-size: 10pt;\"><em>Ma\u00eetrise d\u2019Ouvrage : Conseil G\u00e9n\u00e9ral des Pyr\u00e9n\u00e9es Atlantiques, GHAPPE.<\/em><\/span><\/p>\n<\/li>\n<li>\n<p class=\"font_7\">Analyse des incidences des \u00e9clus\u00e9es sur le Lot pour les populations piscicoles et d\u00e9finition de mesures correctrices.<br \/>\n<span style=\"font-size: 10pt;\"><em>Ma\u00eetrise d\u2019Ouvrage : ETPB l&rsquo;Entente Lot.<\/em><\/span><\/p>\n<\/li>\n<li>\n<p class=\"font_7\">Etude d&rsquo;une passe \u00e0 poissons \u00e0 la montaison \u00e0 la prise d&rsquo;eau du canal de Villeneuve d&rsquo;Olmes.<br \/>\n<span style=\"font-size: 10pt;\"><em>Ma\u00eetrise d\u2019Ouvrage : Association du Canal de Villeneuve.<\/em><\/span><\/p>\n<\/li>\n<li>\n<p class=\"font_7\">Etude de dispositifs de montaison et de d\u00e9valaison \u00e0 la prise d&rsquo;eau du Vieux Moulin \u00e0 Saint Jean de Verges.<br \/>\n<span style=\"font-size: 10pt;\"><em>Ma\u00eetrise d\u2019Ouvrage : Soci\u00e9t\u00e9 du Vieux Moulin.<\/em><\/span><\/p>\n<\/li>\n<li>\n<p class=\"font_7\">Etude de dispositifs de montaison et de d\u00e9valaison \u00e0 la prise d&rsquo;eau du canal de l&rsquo;usine SOTAP-Carol \u00e0 Montferrier.<br \/>\n<span style=\"font-size: 10pt;\"><em>Ma\u00eetrise d\u2019Ouvrage : SOTAP.<\/em><\/span><\/p>\n<\/li>\n<\/ul>\n<p>&nbsp;<\/p>\n<p class=\"font_7\"><span style=\"text-decoration: underline;\"><strong>2011 :<\/strong><\/span><\/p>\n<ul>\n<li>\n<p class=\"font_7\">Etude sur l\u2019alt\u00e9ration de la migration amphihaline au droit des am\u00e9nagements hydro\u00e9lectriques. L\u2019Ari\u00e8ge sur le tron\u00e7on court-circuit\u00e9 de P\u00e9bernat.<br \/>\n<span style=\"font-size: 10pt;\"><em>Ma\u00eetrise d\u2019Ouvrage : DDT de l\u2019Ari\u00e8ge.<\/em><\/span><\/p>\n<\/li>\n<li>\n<p class=\"font_7\">Etude de la continuit\u00e9 \u00e9cologique des centrales hydro\u00e9lectrique de la SHEMA (09).<br \/>\n<span style=\"font-size: 10pt;\"><em>Ma\u00eetrise d\u2019Ouvrage : ONDULIA.<\/em><\/span><\/p>\n<\/li>\n<li>\n<p class=\"font_7\">Rivi\u00e8re le Lez. Etude sur l&rsquo;alt\u00e9ration du transit s\u00e9dimentaire \u00e0 l&rsquo;aval des grands barrages hydro\u00e9lectrique.<br \/>\n<span style=\"font-size: 10pt;\"><em>Ma\u00eetrise d\u2019Ouvrage : DDT de l\u2019Ari\u00e8ge.<\/em><\/span><\/p>\n<\/li>\n<li>\n<p class=\"font_7\">Am\u00e9nagement du canal de fuite de la centrale \u00e9lectrique de l&rsquo;usine des talcs de Luzenac sur le Labail (09).<br \/>\n<span style=\"font-size: 10pt;\"><em>Ma\u00eetrise d\u2019Ouvrage : Rio Tinto Minerals.<\/em><\/span><\/p>\n<\/li>\n<li>\n<p class=\"font_7\">Mod\u00e9lisation des \u00e9coulements dans les canaux d&rsquo;amen\u00e9 des centrales hydro\u00e9lectriques de Crampagna, Las-Rives, Las Mijeanes et Guilhot.<br \/>\n<span style=\"font-size: 10pt;\"><em>Ma\u00eetrise d\u2019Ouvrage : ONDULIA<\/em><\/span><\/p>\n<\/li>\n<li>\n<p class=\"font_7\">Etude de renforcement de la digue de la centrale \u00e9lectrique de Fontaine Gu\u00e9rard (27).<br \/>\n<span style=\"font-size: 10pt;\"><em>Ma\u00eetrise d\u2019Ouvrage : R\u00e9gie Electrique d&rsquo;Elbeuf.<\/em><\/span><\/p>\n<\/li>\n<li>\n<p class=\"font_7\">Etude du rendement des centrales hydro\u00e9lectriques de Crampagna, Las-Rives, Las Mijeanes et Guilhot.<br \/>\n<span style=\"font-size: 10pt;\"><em>Ma\u00eetrise d\u2019Ouvrage : ONDULIA.<\/em><\/span><\/p>\n<\/li>\n<li>\n<p class=\"font_7\">Etude de la continuit\u00e9 \u00e9cologique sur les axes Adour, Gave, Neste dans les Hautes-Pyr\u00e9n\u00e9es (65)<br \/>\n<span style=\"font-size: 10pt;\"><em>Ma\u00eetrise d\u2019Ouvrage : DDT Hautes Pyr\u00e9n\u00e9es.<\/em><\/span><\/p>\n<\/li>\n<li>\n<p class=\"font_7\">Etude d&rsquo;une passe \u00e0 poissons \u00e0 la montaison \u00e0 la prise d&rsquo;eau de l&rsquo;Usine NESTOR.<br \/>\n<span style=\"font-size: 10pt;\"><em>Ma\u00eetrise d\u2019Ouvrage : NESTOR SAS (09)<\/em><\/span><\/p>\n<\/li>\n<li>\n<p class=\"font_7\">R\u00e9tablissement de la continuit\u00e9 \u00e9cologique \u00e0 la centrale de Bazus Aure et calcul du DMB (65).<br \/>\n<span style=\"font-size: 10pt;\"><em>Ma\u00eetrise d\u2019Ouvrage : Hydro-Energie.<\/em><\/span><\/p>\n<\/li>\n<\/ul>\n<p>&nbsp;<\/p>\n<p class=\"font_7\"><span style=\"text-decoration: underline;\"><strong>2009 :<\/strong><\/span><\/p>\n<ul>\n<li>\n<p class=\"font_7\">Etude d\u2019une passe \u00e0 poissons au niveau de la prise d\u2019eau de la pisciculture de Fontan\u00e8s \u00e0 Saurat (09). Conception et ma\u00eetrise d\u2019oeuvre.<br \/>\n<span style=\"font-size: 10pt;\"><em>Ma\u00eetrise d\u2019Ouvrage : F\u00e9d\u00e9ration de p\u00eache de l\u2019Ari\u00e8ge.<\/em><\/span><\/p>\n<\/li>\n<\/ul>\n<p>&nbsp;<\/p>\n<p class=\"font_7\"><span style=\"text-decoration: underline;\"><strong>2008 :<\/strong><\/span><\/p>\n<ul>\n<li>\n<p class=\"font_7\">Dossier de demande de renouvellement d&rsquo;exploitation et document d&rsquo;incidence de la Centrale Hydro\u00e9lectrique de la Bastide du Salat (09).<br \/>\n<span style=\"font-size: 10pt;\"><em>Ma\u00eetrise d\u2019Ouvrage : CEPECE.<\/em><\/span><\/p>\n<\/li>\n<\/ul>\n<p>&nbsp;<\/p>\n<p class=\"font_7\"><span style=\"text-decoration: underline;\"><strong>2007 :<\/strong><\/span><\/p>\n<ul>\n<li>\n<p class=\"font_7\">Etude de dimensionnement pour la restauration d&rsquo;un bras de l&rsquo;Andelle et pour le franchissement piscicole \u00e0 la mont\u00e9e et la descente.<br \/>\n<span style=\"font-size: 10pt;\"><em>Ma\u00eetrise d\u2019Ouvrage : A2H, Site de la centrale hydro\u00e9lectrique de Fontaine Gu\u00e9rard (27), Syndicat Intercommunal de la Vall\u00e9e de l&rsquo;Andelle.<\/em><\/span><\/p>\n<\/li>\n<li>\n<p class=\"font_7\">Etude du projet de passe mixte (poissons, cano\u00ebs, raftings) au moulin de Foix (09).<br \/>\n<span style=\"font-size: 10pt;\"><em>Ma\u00eetrise d\u2019Ouvrage : Mairie de Foix.<\/em><\/span><\/p>\n<\/li>\n<\/ul>\n<p>&nbsp;<\/p>\n<p class=\"font_7\"><span style=\"text-decoration: underline;\"><strong>2005 :<\/strong><\/span><\/p>\n<ul>\n<li>\n<p class=\"font_7\">Estimation de la consistance l\u00e9gale du droit d\u2019eau fond\u00e9 en titre du moulin de la Bussi\u00e8re, Flavigny le Grand (Aisne).<br \/>\n<span style=\"font-size: 10pt;\"><em>Ma\u00eetrise d\u2019Ouvrage : A2H, Centrale de Flavigny le Grand, 18 p.<\/em><\/span><\/p>\n<\/li>\n<\/ul>\n<p>&nbsp;<\/p>\n<p class=\"font_7\"><span style=\"text-decoration: underline;\"><strong>2003 :<\/strong><\/span><\/p>\n<ul>\n<li>\n<p class=\"font_7\">Etude de gestion du transport solide du Salat \u00e0 l\u2019usine hydro\u00e9lectrique de Maz\u00e8res du Salat (Haute Garonne).<br \/>\n<span style=\"font-size: 10pt;\"><em>Ma\u00eetrise d\u2019Ouvrage : Les Centrales Associ\u00e9es, 32p.<\/em><\/span><\/p>\n<\/li>\n<\/ul>\n<p>&nbsp;<\/p>\n<p class=\"font_7\"><span style=\"text-decoration: underline;\"><strong>2002 :<\/strong><\/span><\/p>\n<ul>\n<li>\n<p class=\"font_7\">Etude de pompage et d\u2019am\u00e9nagement sur le Touyre pour une utilisation industrielle de la ressource en eau.<br \/>\n<span style=\"font-size: 10pt;\"><em>Ma\u00eetrise d\u2019Ouvrage : Filature et Textiles de Lavelanet, 23 p.<\/em><\/span><\/p>\n<\/li>\n<\/ul>\n<\/div>\n<\/div>\n<div class=\"csColumnGap\" style=\"margin: 0px; padding: 0px; float: left; width: 9.38%;\"><img decoding=\"async\" style=\"border: none;\" src=\"http:\/\/agerin.ovh\/wp-content\/plugins\/advanced-wp-columns\/assets\/js\/plugins\/views\/img\/1x1-pixel.png\" \/><\/div>\n<div class=\"csColumn\" style=\"margin: 0px; padding: 0px; float: left; width: 38.4%;\" data-csstartpoint=\"590\" data-csendpoint=\"959\" data-cswidth=\"38.4%\" data-csid=\"6364cb26-da2f-671c-9950-b145f2a1f382\">\n<p>[foogallery id=\u00a0\u00bb536&Prime;]<\/p>\n<\/div>\n<div class=\"csColumnGap\" style=\"margin: 0px; padding: 0px; float: left; width: 0.104%;\"><img decoding=\"async\" style=\"border: none;\" src=\"http:\/\/agerin.ovh\/wp-content\/plugins\/advanced-wp-columns\/assets\/js\/plugins\/views\/img\/1x1-pixel.png\" \/><\/div>\n<\/div>\n<div style=\"clear: both; float: none; display: block; visibility: hidden; width: 0px; font-size: 0px; line-height: 0;\"><\/div>\n<p>&nbsp;<\/p>\n","protected":false},"excerpt":{"rendered":"<p>2017 : Etude pr\u00e9alable \u00e0 l&rsquo;effacement total du seuil de pont d&rsquo;Alb\u00e8ne \u00e0 Saurat (09) Ma\u00eetrise d\u2019Ouvrage : SYMAR &nbsp; 2016 : R\u00e9alisation du dossier d\u2019autorisation d\u2019augmentation de puissance et son \u00e9tude d\u2019impact pour le Moulin de Pra sur la C\u00e8re (19). Ma\u00eetrise d\u2019Ouvrage : HYDROCOP. Etude de la gestion du transport solide du barrage [&hellip;]<\/p>\n","protected":false},"author":1,"featured_media":0,"parent":1069,"menu_order":0,"comment_status":"closed","ping_status":"closed","template":"","meta":[],"_links":{"self":[{"href":"https:\/\/agerin.ovh\/index.php\/wp-json\/wp\/v2\/pages\/313"}],"collection":[{"href":"https:\/\/agerin.ovh\/index.php\/wp-json\/wp\/v2\/pages"}],"about":[{"href":"https:\/\/agerin.ovh\/index.php\/wp-json\/wp\/v2\/types\/page"}],"author":[{"embeddable":true,"href":"https:\/\/agerin.ovh\/index.php\/wp-json\/wp\/v2\/users\/1"}],"replies":[{"embeddable":true,"href":"https:\/\/agerin.ovh\/index.php\/wp-json\/wp\/v2\/comments?post=313"}],"version-history":[{"count":48,"href":"https:\/\/agerin.ovh\/index.php\/wp-json\/wp\/v2\/pages\/313\/revisions"}],"predecessor-version":[{"id":1890,"href":"https:\/\/agerin.ovh\/index.php\/wp-json\/wp\/v2\/pages\/313\/revisions\/1890"}],"up":[{"embeddable":true,"href":"https:\/\/agerin.ovh\/index.php\/wp-json\/wp\/v2\/pages\/1069"}],"wp:attachment":[{"href":"https:\/\/agerin.ovh\/index.php\/wp-json\/wp\/v2\/media?parent=313"}],"curies":[{"name":"wp","href":"https:\/\/api.w.org\/{rel}","templated":true}]}}