








{"id":33,"date":"2016-07-21T14:58:16","date_gmt":"2016-07-21T12:58:16","guid":{"rendered":"http:\/\/test.agerin.ovh\/?page_id=33"},"modified":"2017-06-14T12:02:25","modified_gmt":"2017-06-14T10:02:25","slug":"certifications-qualifications","status":"publish","type":"page","link":"https:\/\/agerin.ovh\/index.php\/rse-developpement-durable\/certifications-qualifications\/","title":{"rendered":"Certifications &#038; Qualifications"},"content":{"rendered":"<hr>\n<h6><span style=\"font-size: 14pt;\"><strong><span style=\"text-decoration: underline;\">Assurance Qualit\u00e9<\/span><\/strong><\/span><\/h6>\n<p style=\"text-align: justify;\">La qualit\u00e9 de nos \u00e9tudes et de nos ma\u00eetrises d\u2019\u0153uvre est pour nous une priorit\u00e9. Pour ce faire, nous avons mis en place depuis 2009 une politique de Contr\u00f4le Qualit\u00e9 de mani\u00e8re \u00e0 offrir \u00e0 nos clients et partenaires une Assurance Qualit\u00e9 performante.<br \/>\nCette derni\u00e8re a d\u00e9bouch\u00e9 sur des proc\u00e9dures Qualit\u00e9 pour les activit\u00e9s :<\/p>\n<ul style=\"text-align: justify;\">\n<li>Etudes et expertises ;<\/li>\n<li>Cartographie du Risque et PPR ;<\/li>\n<li>Expertise et conception digues et barrages ;<\/li>\n<li>Ma\u00eetrise d\u2019\u0153uvre et suivi de Chantiers ;<\/li>\n<li>Ma\u00eetrise d\u2019\u0153uvre et suivi de Chantiers des digues et barrages.<\/li>\n<\/ul>\n<p>&nbsp;<\/p>\n<hr>\n<h6><span style=\"font-size: 14pt;\"><strong><span style=\"text-decoration: underline;\">Agr\u00e9mentation<\/span><\/strong><\/span><\/h6>\n<p style=\"text-align: justify;\">Face \u00e0 des besoins de protection d\u2019enjeux ou de retenue, une partie de notre \u00e9quipe s\u2019est sp\u00e9cialis\u00e9e depuis plusieurs ann\u00e9es sur l\u2019ing\u00e9nierie et la s\u00e9curit\u00e9 des ouvrages hydrauliques, en particulier les digues et barrages. Forte de cette exp\u00e9rience, notre \u00e9quipe peut r\u00e9pondre \u00e0 tous besoins pour toute mission de conception ou de modification d\u2019ouvrage, d\u2019expertise et de ma\u00eetrise d\u2019\u0153uvre&nbsp;des ouvrages de type digues et barrages hors cat\u00e9gories A et B (par exemple pour des canons \u00e0 neiges, pour de l\u2019\u00e9cr\u00eatement de crue, pour de l\u2019irrigation, pour la production d\u2019hydro\u00e9lectricit\u00e9 ou encore pour la mise en \u0153uvre de plans d\u2019eau de loisirs\u2026).<\/p>\n<p style=\"text-align: justify;\">Forts de notre exp\u00e9rience, nous nous sommes fait dans ce domaine pour r\u00e8gle de toujours privil\u00e9gier la qualit\u00e9 de la protection par rapport aux autres crit\u00e8res car les risques g\u00e9n\u00e9r\u00e9s par les digues peuvent, si elles rompent, se r\u00e9v\u00e9ler d\u2019une extr\u00eame gravit\u00e9.<\/p>\n<p style=\"text-align: justify;\">D\u2019autre part, nous intervenons dans le domaine r\u00e9glement\u00e9 de la s\u00e9curit\u00e9 des ouvrages hydrauliques sur les \u00e9tudes de dangers (Arr\u00eat\u00e9 du 12 juin 2008), les diagnostics de s\u00fbret\u00e9 et les visites approfondies (D\u00e9cret du 11 d\u00e9cembre 2007, relatif \u00e0 la s\u00e9curit\u00e9 des ouvrages hydrauliques et au Comit\u00e9 technique permanent des barrages et des ouvrages hydrauliques). Pour r\u00e9pondre \u00e0 cette mission, AGERIN est <strong>titulaire de l\u2019agr\u00e9ment obligatoire d\u00e9livr\u00e9 par le Minist\u00e8re de l\u2019Environnement et du D\u00e9veloppement Durable<\/strong>. Dans le d\u00e9tail, AGERIN est <strong>agr\u00e9e pour l\u2019ing\u00e9nierie, la conception, l\u2019expertise et la Ma\u00eetrise d\u2019\u0152uvre des digues<\/strong> (pour les cat\u00e9gories A, B, C) <strong>et des barrages<\/strong> (hors cat\u00e9gories A et B).<\/p>\n","protected":false},"excerpt":{"rendered":"<p>Assurance Qualit\u00e9 La qualit\u00e9 de nos \u00e9tudes et de nos ma\u00eetrises d\u2019\u0153uvre est pour nous une priorit\u00e9. Pour ce faire, nous avons mis en place depuis 2009 une politique de Contr\u00f4le Qualit\u00e9 de mani\u00e8re \u00e0 offrir \u00e0 nos clients et partenaires une Assurance Qualit\u00e9 performante. Cette derni\u00e8re a d\u00e9bouch\u00e9 sur des proc\u00e9dures Qualit\u00e9 pour les [&hellip;]<\/p>\n","protected":false},"author":1,"featured_media":0,"parent":1047,"menu_order":0,"comment_status":"closed","ping_status":"closed","template":"","meta":[],"_links":{"self":[{"href":"https:\/\/agerin.ovh\/index.php\/wp-json\/wp\/v2\/pages\/33"}],"collection":[{"href":"https:\/\/agerin.ovh\/index.php\/wp-json\/wp\/v2\/pages"}],"about":[{"href":"https:\/\/agerin.ovh\/index.php\/wp-json\/wp\/v2\/types\/page"}],"author":[{"embeddable":true,"href":"https:\/\/agerin.ovh\/index.php\/wp-json\/wp\/v2\/users\/1"}],"replies":[{"embeddable":true,"href":"https:\/\/agerin.ovh\/index.php\/wp-json\/wp\/v2\/comments?post=33"}],"version-history":[{"count":34,"href":"https:\/\/agerin.ovh\/index.php\/wp-json\/wp\/v2\/pages\/33\/revisions"}],"predecessor-version":[{"id":68,"href":"https:\/\/agerin.ovh\/index.php\/wp-json\/wp\/v2\/pages\/33\/revisions\/68"}],"up":[{"embeddable":true,"href":"https:\/\/agerin.ovh\/index.php\/wp-json\/wp\/v2\/pages\/1047"}],"wp:attachment":[{"href":"https:\/\/agerin.ovh\/index.php\/wp-json\/wp\/v2\/media?parent=33"}],"curies":[{"name":"wp","href":"https:\/\/api.w.org\/{rel}","templated":true}]}}