








{"id":39,"date":"2016-07-21T14:58:40","date_gmt":"2016-07-21T12:58:40","guid":{"rendered":"http:\/\/test.agerin.ovh\/?page_id=39"},"modified":"2025-09-22T12:28:09","modified_gmt":"2025-09-22T10:28:09","slug":"notre-equipe","status":"publish","type":"page","link":"https:\/\/agerin.ovh\/index.php\/societe\/notre-equipe\/","title":{"rendered":"Notre \u00e9quipe"},"content":{"rendered":"<hr \/>\n<p style=\"text-align: left;\">La soci\u00e9t\u00e9 AGERIN SAS r\u00e9unit aujourd&rsquo;hui une \u00e9quipe de 10 personnes (ing\u00e9nieurs, docteurs, etc.) sp\u00e9cialis\u00e9e dans les domaines suivants :<\/p>\n<p class=\"font_2\"><em><strong>Hydraulique :<\/strong> Hydraulique et hydrologie quantitative, mod\u00e9lisation num\u00e9rique des \u00e9coulements, hydrog\u00e9omorphologie, topographie, g\u00e9nie civil, conception d&rsquo;ouvrages en rivi\u00e8res, expertise de digues et barrages, ma\u00eetrise d&rsquo;\u0153uvre de travaux hydrauliques, hydraulique urbaine.<\/em><\/p>\n<p class=\"font_2\"><em><strong>Gestion des milieux aquatiques :<\/strong> Restauration des cours d&rsquo;eau, conception d\u2019ouvrages de protection et de conformit\u00e9 \u00e9cologique, analyse des milieux naturels, \u00e9cologie du paysage.<\/em><\/p>\n<p class=\"font_2\"><em><strong>Risques naturels :<\/strong> Hydro-g\u00e9omorphologie, g\u00e9omorphologie dynamique et structurale, analyse des risques naturels, g\u00e9omatique, t\u00e9l\u00e9d\u00e9tection et photo-interpr\u00e9tation, cartographie, g\u00e9otechnique, mod\u00e9lisations des ph\u00e9nom\u00e8nes torrentiels et avalancheux, conception d&rsquo;ouvrages de protection. <\/em><\/p>\n<h3 class=\"font_2\" style=\"text-align: center;\">ORGANIGRAMME DE L&rsquo;ENTREPRISE :<\/h3>\n<h4 class=\"font_2\" style=\"text-align: center;\">Equipe de direction :<\/h4>\n<div class=\"csRow\">\n<div class=\"csColumnGap\" style=\"margin: 0px; padding: 0px; float: left; width: 26%;\"><img decoding=\"async\" src=\"http:\/\/agerin.ovh\/wp-content\/plugins\/advanced-wp-columns\/assets\/js\/plugins\/views\/img\/1x1-pixel.png\" \/><\/div>\n<div class=\"csColumn\" style=\"margin: 0px; padding: 0px; float: left; width: 46.9%;\" data-csstartpoint=\"250\" data-csendpoint=\"700\" data-cswidth=\"46.9%\" data-csid=\"550e8354-7894-b631-a7d4-6062e240a7cf\">\n<div style=\"background-color: #ffbebe; border: 1px solid #DDDDDD; padding: 10px; margin: 10px;\">\n<p style=\"text-align: center;\"><span style=\"font-size: 14pt;\"><strong>Alexis MERCIER<\/strong><\/span><br \/>\nPr\u00e9sident d&rsquo;AGERIN SAS<\/p>\n<ul>\n<li style=\"text-align: justify;\">1999 : Titulaire d&rsquo;un Doctorat d&rsquo;Universit\u00e9 au sein de l&rsquo;UMR 6042 du CNRS <span style=\"font-size: 10pt;\">(sur le fonctionnement morphologique des syst\u00e8mes fluviaux pyr\u00e9n\u00e9ens anthropis\u00e9s)<\/span><\/li>\n<li style=\"text-align: justify;\">1995 &#8211; 2000 : Il a travaill\u00e9 avec le service RTM 09 (en convention avec le CNRS) sur les probl\u00e9matiques de restauration de cours d&rsquo;eau et de gestion des risques naturel<\/li>\n<li style=\"text-align: justify;\">2000 :<a href=\"http:\/\/www.shf-hydro.org\/prix_henri_milon_prix_d_hydrologie-20.html\" target=\"_blank\" rel=\"noopener noreferrer\"> Laur\u00e9at du Prix H. Milon<\/a><\/li>\n<li style=\"text-align: justify;\">2000 : Cr\u00e9ation d&rsquo;AGERIN<\/li>\n<\/ul>\n<ul>\n<li style=\"list-style-type: none;\">\n<ul class=\"font_8\">\n<li>\n<p class=\"font_8\"><em>27 ans d&rsquo;exp\u00e9rience<\/em><\/p>\n<\/li>\n<\/ul>\n<\/li>\n<\/ul>\n<p class=\"font_8\" style=\"text-align: justify;\">\u00a0 \u00a0\u2192 Sp\u00e9cialis\u00e9 sur les incidences des activit\u00e9s humaines sur l&rsquo;hydromorphologie des cours d&rsquo;eau et les politiques de restauration, dans les probl\u00e8mes de gestion et de restauration des cours d&rsquo;eau et sur la gestion des risques naturels.<\/p>\n<\/div>\n<div style=\"background-color: #ffbebe; border: 1px solid #DDDDDD; padding: 10px; margin: 10px;\">\n<p style=\"text-align: center;\"><span style=\"font-size: 14pt;\"><strong>Marion JEULIN<\/strong><\/span><br \/>\nDirectrice adjointe d&rsquo;AGERIN SAS<\/p>\n<ul>\n<li style=\"text-align: justify;\">2010 : Dipl\u00f4me d&rsquo;ing\u00e9nieur de l&rsquo;Ecole Polytechnique universitaire de Montpellier <span style=\"font-size: 10pt;\"> (fili\u00e8re sciences et technologies de l&rsquo;eau)<\/span><\/li>\n<li style=\"text-align: justify;\">2011 : Titulaire d&rsquo;un Master 2 MAE Gestion des administrations et des entreprises<\/li>\n<li style=\"text-align: justify;\">2011 &#8211; 2013 : Ing\u00e9nieur responsable Est de la France chez CIVAL<\/li>\n<li style=\"text-align: justify;\">2013 : Entr\u00e9e \u00e0 AGERIN SAS en tant que charg\u00e9e d&rsquo;\u00e9tudes<\/li>\n<li style=\"text-align: justify;\">2020 : Directrice adjointe d&rsquo;AGERIN SAS<\/li>\n<\/ul>\n<ul>\n<li style=\"list-style-type: none;\">\n<ul class=\"font_8\">\n<li>\n<p class=\"font_8\"><em>13 ans d&rsquo;exp\u00e9rience<\/em><\/p>\n<\/li>\n<\/ul>\n<\/li>\n<\/ul>\n<p class=\"font_8\" style=\"text-align: justify;\">\u2192 Sp\u00e9cialis\u00e9e dans la ma\u00eetrise d\u2019\u0153uvre des travaux hydrauliques, la mod\u00e9lisation hydraulique et l\u2019expertise des installations hydro\u00e9lectriques.<\/p>\n<\/div>\n<div style=\"background-color: #ffbebe; border: 1px solid #DDDDDD; padding: 10px; margin: 10px;\">\n<p style=\"text-align: center;\"><span style=\"font-size: 14pt;\"><strong>Val\u00e9rie MERCIER<\/strong><\/span><br \/>\nResponsable administration g\u00e9n\u00e9rale<\/p>\n<\/div>\n<div style=\"clear: both; float: none; display: block; visibility: hidden; width: 0px; font-size: 0px; line-height: 0;\"><\/div>\n<\/div>\n<div class=\"csColumnGap\" style=\"margin: 0px; padding: 0px; float: left; width: 27.1%;\"><img decoding=\"async\" src=\"http:\/\/agerin.ovh\/wp-content\/plugins\/advanced-wp-columns\/assets\/js\/plugins\/views\/img\/1x1-pixel.png\" \/><\/div>\n<div style=\"clear: both; float: none; display: block; visibility: hidden; width: 0px; font-size: 0px; line-height: 0;\"><\/div>\n<\/div>\n<h4 class=\"font_2\" style=\"text-align: center;\">\u00c9quipe de charg\u00e9s d&rsquo;\u00e9tudes :<\/h4>\n<div class=\"csRow\">\n<div class=\"csColumnGap\" style=\"margin: 0px; padding: 0px; float: left; width: 2.6%;\"><img decoding=\"async\" style=\"border: none;\" src=\"http:\/\/agerin.ovh\/wp-content\/plugins\/advanced-wp-columns\/assets\/js\/plugins\/views\/img\/1x1-pixel.png\" \/><\/div>\n<div class=\"csColumn\" style=\"margin: 0px; padding: 0px; float: left; width: 44.3%;\" data-csstartpoint=\"25\" data-csendpoint=\"450\" data-cswidth=\"44.3%\" data-csid=\"215dde5d-a1c0-c49b-a08f-2992603b7b1f\">\n<div style=\"background-color: #e0ffff; border: 1px solid #DDDDDD; padding: 10px; margin: 10px;\">\n<p style=\"text-align: center;\"><span style=\"font-size: 14pt;\"><strong>C\u00e9dric BARRAU<br \/>\n<\/strong><\/span>Chef de projet &#8211; Ing\u00e9nieur en <strong>hydrologie et en hydraulique fluviale<\/strong><\/p>\n<ul>\n<li>2002 : Dipl\u00f4me d&rsquo;ing\u00e9nieur de l&rsquo;ENSEEIHT, Toulouse-INP (fili\u00e8re hydraulique et m\u00e9canique des fluides, option sciences de l\u2018eau et environnement)<\/li>\n<li>2003 : Titulaire d&rsquo;un DEA Sciences de la Terre et Environnement<\/li>\n<li>2003 &#8211; 2005 : Ing\u00e9nieur \u00e0 Silogic puis au SCHAPI<\/li>\n<li>2005 : Entr\u00e9e \u00e0 AGERIN SAS<\/li>\n<\/ul>\n<ul>\n<li style=\"list-style-type: none;\">\n<ul class=\"font_8\">\n<li>\n<p class=\"font_8\"><em>21 ans d&rsquo;exp\u00e9rience<\/em><\/p>\n<\/li>\n<\/ul>\n<\/li>\n<\/ul>\n<p class=\"font_8\" style=\"text-align: justify;\">\u00a0 \u00a0\u2192 Sp\u00e9cialis\u00e9 dans\u00a0les probl\u00e9matiques d&rsquo;hydraulique, d&rsquo;\u00e9cohydraulique (expertise et conception de passes \u00e0 poissons), de morphodynamique fluviale, de gestion des risques d&rsquo;inondation, de gestion des ouvrages et de plans de gestion.<\/p>\n<\/div>\n<\/div>\n<div class=\"csColumnGap\" style=\"margin: 0px; padding: 0px; float: left; width: 5.21%;\"><img decoding=\"async\" style=\"border: none;\" src=\"http:\/\/agerin.ovh\/wp-content\/plugins\/advanced-wp-columns\/assets\/js\/plugins\/views\/img\/1x1-pixel.png\" \/><\/div>\n<div class=\"csColumn\" style=\"margin: 0px; padding: 0px; float: left; width: 44.3%;\" data-csstartpoint=\"500\" data-csendpoint=\"925\" data-cswidth=\"44.3%\" data-csid=\"8bcfc968-b711-011e-811e-e7001035b06d\">\n<div style=\"background-color: #e0ffff; border: 1px solid #DDDDDD; padding: 10px; margin: 10px;\">\n<p style=\"font-size: 14pt; text-align: center;\"><strong>Tara LACOUT-BONNAMY<br \/>\n<\/strong>Cheffe de projet &#8211; Ing\u00e9nieure en\u00a0<strong> hydraulique fluviale et gestion des milieux aquatiques<\/strong><\/p>\n<ul>\n<li>2014 &#8211; 2016 : Ecole polytechnique universitaire de Nice-Sophia-Antipolis<\/li>\n<li>2016 &#8211; 2019 : Ecole polytechnique universitaire de Montpellier (fili\u00e8re sciences et technologies de l&rsquo;eau)<\/li>\n<li>2018 : entr\u00e9e \u00e0 AGERIN SAS en tant que charg\u00e9e d&rsquo;\u00e9tude adjointe dans le cadre d&rsquo;un contrat de professionnalisation<\/li>\n<li>2019 : Charg\u00e9e d&rsquo;\u00e9tude chez AGERIN SAS<\/li>\n<\/ul>\n<ul>\n<li style=\"list-style-type: none;\">\n<ul class=\"font_8\">\n<li>\n<p class=\"font_8\"><em>7 ans d&rsquo;exp\u00e9rience<\/em><\/p>\n<\/li>\n<\/ul>\n<\/li>\n<\/ul>\n<p class=\"font_8\">\u2192 Sp\u00e9cialis\u00e9e dans l&rsquo;hydrologie, hydraulique, la mod\u00e9lisation hydraulique, la gestion du risque inondation, la conception d&rsquo;ouvrages et d&rsquo;am\u00e9nagements hydrog\u00e9ologiques et la gestion des milieux aquatiques.<\/p>\n<\/div>\n<div class=\"csColumnGap\" style=\"margin: 0px; padding: 0px; float: left; width: 3.65%;\"><img decoding=\"async\" style=\"border: none;\" src=\"http:\/\/agerin.ovh\/wp-content\/plugins\/advanced-wp-columns\/assets\/js\/plugins\/views\/img\/1x1-pixel.png\" \/><\/div>\n<div style=\"clear: both; float: none; display: block; visibility: hidden; width: 0px; font-size: 0px; line-height: 0;\"><\/div>\n<\/div>\n<div class=\"csRow\">\n<div class=\"csColumnGap\" style=\"margin: 0px; padding: 0px; float: left; width: 2.6%;\"><img decoding=\"async\" style=\"border: none;\" src=\"http:\/\/agerin.ovh\/wp-content\/plugins\/advanced-wp-columns\/assets\/js\/plugins\/views\/img\/1x1-pixel.png\" \/><\/div>\n<div class=\"csColumn\" style=\"margin: 0px; padding: 0px; float: left; width: 44.3%;\" data-csstartpoint=\"25\" data-csendpoint=\"450\" data-cswidth=\"44.3%\" data-csid=\"215dde5d-a1c0-c49b-a08f-2992603b7b1f\">\n<div style=\"background-color: #e0ffff; border: 1px solid #DDDDDD; padding: 10px; margin: 10px;\">\n<p style=\"text-align: center;\"><span style=\"font-size: 14pt;\"><strong>Romain ANGLADE<br \/>\n<\/strong><\/span>Chef de projet &#8211; Ing\u00e9nieur en <strong>hydraulique et travaux<\/strong><\/p>\n<ul>\n<li>BTSA Gestion et ma\u00eetrise de l&rsquo;eau, option \u00e9tude des projets d&rsquo;am\u00e9nagements hydrauliques (Lyc\u00e9e Hector Serre, Lyv\u00e9e de Oeyreluy &#8211; Landes)<\/li>\n<li>Licence professionnelle : Gestion des services \u00e0 l\u2019environnement (Institut de l&rsquo;environnement urbain, Universit\u00e9 Versailles Saint Quentin)<\/li>\n<li>Titulaire d&rsquo;un Master 1 : Sciences et g\u00e9nie de l&rsquo;environnement (Universit\u00e9 Paris Diderot, Ecole Nationale des ponts et chauss\u00e9es)<\/li>\n<li>Titulaire d&rsquo;un Master 2 : Syst\u00e8mes aquatiques et gestion des eaux (Universit\u00e9 Paris Diderot, Ecole Nationale des ponts et chauss\u00e9es)<\/li>\n<li>2014 &#8211; 2018 : Charg\u00e9 d&rsquo;\u00e9tudes chez CONFLUENCES-IC<\/li>\n<li>2019 : Entr\u00e9e \u00e0 AGERIN SAS<\/li>\n<\/ul>\n<ul>\n<li style=\"list-style-type: none;\">\n<ul class=\"font_8\">\n<li>\n<p class=\"font_8\"><em>9 ans d&rsquo;exp\u00e9rience<\/em><\/p>\n<\/li>\n<\/ul>\n<\/li>\n<\/ul>\n<p class=\"font_8\" style=\"text-align: justify;\">\u2192 Sp\u00e9cialis\u00e9 dans l&rsquo;hydraulique et l&rsquo;hydrologie quantitative, l&rsquo;hydraulique urbaine, la mod\u00e9lisation hydraulique, la conception d&rsquo;ouvrages en rivi\u00e8re,\u00a0 la gestion du risque inondation et des barrages ainsi qu&rsquo;en maitrise d\u2019\u0153uvre.<\/p>\n<\/div>\n<div class=\"csRow\">\n<div style=\"clear: both; float: none; display: block; visibility: hidden; width: 0px; font-size: 0px; line-height: 0;\"><\/div>\n<\/div>\n<\/div>\n<div class=\"csColumnGap\" style=\"margin: 0px; padding: 0px; float: left; width: 5.21%;\"><img decoding=\"async\" style=\"border: none;\" src=\"http:\/\/agerin.ovh\/wp-content\/plugins\/advanced-wp-columns\/assets\/js\/plugins\/views\/img\/1x1-pixel.png\" \/><\/div>\n<div class=\"csColumn\" style=\"margin: 0px; padding: 0px; float: left; width: 44.3%;\" data-csstartpoint=\"500\" data-csendpoint=\"925\" data-cswidth=\"44.3%\" data-csid=\"8bcfc968-b711-011e-811e-e7001035b06d\">\n<div style=\"background-color: #e0ffff; border: 1px solid #DDDDDD; padding: 10px; margin: 10px;\">\n<p style=\"font-size: 14pt; text-align: center;\"><strong>Xavi GALLACH<br \/>\n<\/strong>Docteur en <strong>G\u00e9ologie<\/strong> &#8211; Expert, charg\u00e9 d&rsquo;\u00e9tudes <strong>risques naturels<br \/>\n<\/strong><\/p>\n<ul>\n<li>2012 : Titulaire d&rsquo;un Master en Risques G\u00e9ologiques, universit\u00e9 de Barcelone, Catalogne<\/li>\n<li>2018 : Docteur en G\u00e9ologie, universit\u00e9 Grenoble Alpes<\/li>\n<li>2016 &#8211; 2018 : Enseignant \u00e0 l&rsquo;universit\u00e9 en G\u00e9ologie<\/li>\n<li>2015 &#8211; 2020 : Doctorant en G\u00e9ologie<\/li>\n<li>2022 : Entr\u00e9e \u00e0 AGERIN SAS\n<ul>\n<li><em>5 ans d&rsquo;exp\u00e9rience<\/em><\/li>\n<\/ul>\n<\/li>\n<\/ul>\n<p>\u2192 Sp\u00e9cialis\u00e9 dans les risques g\u00e9ologiques, en particulier les risques en contexte de montagne (\u00e9croulements, glissements de terrain, chutes de blocs, crues torrentielles), les changements climatiques (actuel et pass\u00e9s).<\/p>\n<\/div>\n<\/div>\n<div class=\"csRow\">\n<div class=\"csColumnGap\" style=\"margin: 0px; padding: 0px; float: left; width: 2.6%;\"><img decoding=\"async\" style=\"border: none;\" src=\"http:\/\/agerin.ovh\/wp-content\/plugins\/advanced-wp-columns\/assets\/js\/plugins\/views\/img\/1x1-pixel.png\" \/><\/div>\n<div class=\"csColumn\" style=\"margin: 0px; padding: 0px; float: left; width: 44.3%;\" data-csstartpoint=\"25\" data-csendpoint=\"450\" data-cswidth=\"44.3%\" data-csid=\"215dde5d-a1c0-c49b-a08f-2992603b7b1f\">\n<div style=\"background-color: #e0ffff; border: 1px solid #DDDDDD; padding: 10px; margin: 10px;\">\n<p style=\"font-size: 14pt; text-align: center;\"><strong>Marie-Louise SCHMITT<br \/>\n<\/strong><strong>Charg\u00e9e d&rsquo;\u00e9tudes &#8211; risque naturels<br \/>\n<\/strong><\/p>\n<ul>\n<li>2018-2020 : Classe pr\u00e9paratoire aux grandes \u00e9coles option biologie, chimie, physique, Sciences de le Terre, CPGE BCPST, METZ<\/li>\n<li>2021 : Licence Science de la Terre , de l&rsquo;Univers et de l&rsquo;Environnement, EOST Universit\u00e9 de Strasbourg<\/li>\n<li>2023 : Master Al\u00e9as G\u00e9ologiques : Observations, Mesures , Mod\u00e9lisations, Universit\u00e9 de Montpellier<\/li>\n<li>2023 : Entr\u00e9e \u00e0 AGERIN SAS<\/li>\n<\/ul>\n<p class=\"font_8\">\u2192 Sp\u00e9cialis\u00e9e dans les risques naturels, en particulier les risques en contexte de montagne (\u00e9croulements, glissements de terrain, chutes de blocs, crues torrentielles).<img decoding=\"async\" style=\"border: none;\" src=\"http:\/\/agerin.ovh\/wp-content\/plugins\/advanced-wp-columns\/assets\/js\/plugins\/views\/img\/1x1-pixel.png\" \/><\/p>\n<\/div>\n<\/div>\n<div class=\"csColumn\" style=\"margin: 0px; padding: 0px; float: left; width: 44.3%;\" data-csstartpoint=\"500\" data-csendpoint=\"925\" data-cswidth=\"44.3%\" data-csid=\"8bcfc968-b711-011e-811e-e7001035b06d\">\n<div style=\"background-color: #e0ffff; border: 1px solid #DDDDDD; padding: 10px; margin: 10px;\">\n<p style=\"font-size: 14pt; text-align: center;\"><strong>Vincent BENETEAU<br \/>\n<\/strong>Charg\u00e9 d&rsquo;\u00e9tudes &#8211; Ing\u00e9nieur en <strong>hydraulique<\/strong><\/p>\n<ul>\n<li>2018 &#8211; 2020 : Classe pr\u00e9pa MPSI (Math\u00e9matiques Physique et Sciences de l&rsquo;Ing\u00e9nieur) puis PSI (Physiques et Sciences de l&rsquo;Ing\u00e9nieur)<\/li>\n<li>2020 &#8211; 2023 : Dipl\u00f4me d&rsquo; ing\u00e9nieur \u00e0 Grenoble INP ENSE3 (\u00c9cole Nationale<br \/>\nSup\u00e9rieure de l&rsquo;\u00c9nergie, l&rsquo;Eau et l&rsquo;Environnement) fili\u00e8re<br \/>\nHOE (Hydraulique, Ouvrage et Environnement)<\/li>\n<li>2023 : Entr\u00e9e \u00e0 AGERIN SAS<\/li>\n<\/ul>\n<p class=\"font_8\">\u2192 Sp\u00e9cialis\u00e9 dans l&rsquo;hydraulique, les dossiers lois sur l&rsquo;eau, la mod\u00e9lisation hydraulique et la gestion du risque inondation.<\/p>\n<\/div>\n<\/div>\n<div class=\"csRow\">\n<div style=\"clear: both; float: none; display: block; visibility: hidden; width: 0px; font-size: 0px; line-height: 0;\"><\/div>\n<\/div>\n<\/div>\n<div class=\"csRow\">\n<div class=\"csColumnGap\" style=\"margin: 0px; padding: 0px; float: left; width: 2.6%;\"><img decoding=\"async\" style=\"border: none;\" src=\"http:\/\/agerin.ovh\/wp-content\/plugins\/advanced-wp-columns\/assets\/js\/plugins\/views\/img\/1x1-pixel.png\" \/><\/div>\n<div class=\"csColumn\" style=\"margin: 0px; padding: 0px; float: left; width: 44.3%;\" data-csstartpoint=\"25\" data-csendpoint=\"450\" data-cswidth=\"44.3%\" data-csid=\"215dde5d-a1c0-c49b-a08f-2992603b7b1f\">\n<div style=\"background-color: #e0ffff; border: 1px solid #DDDDDD; padding: 10px; margin: 10px;\">\n<p style=\"font-size: 14pt; text-align: center;\"><strong><span style=\"font-size: 14pt;\">Tristan SCAGLIOTTI<\/span><\/strong><\/p>\n<p style=\"font-size: 14pt; text-align: center;\"><strong><span style=\"font-size: 14pt;\">Charg\u00e9 d&rsquo;\u00e9tudes &#8211; Ing\u00e9nieur en hydraulique<\/span><\/strong><\/p>\n<ul>\n<li>2017-2020 : Dipl\u00f4me d\u2019ing\u00e9nieur \u2013 Ecole Nationale du G\u00e9nie de l\u2019Eau et de l\u2019Environnement de Strasbourg option hydrosyst\u00e8mes ENGEES<\/li>\n<li>2021-2022: Charg\u00e9 d\u2019\u00e9tudes \u2013 Cabinet Merlin, p\u00f4le eau<\/li>\n<li>2022-2023 : Charg\u00e9 d\u2019\u00e9tudes \u2013 MP2I-Conseil. Bureau d\u2019\u00e9tudes. Mission de ma\u00eetrise d\u2019\u0153uvre, suivi de chantier, \u00e9tudes pr\u00e9liminaires.<\/li>\n<li>2024 : Entr\u00e9e \u00e0 AGERIN SAS\n<ul>\n<li>3 ans d&rsquo;exp\u00e9rience<\/li>\n<\/ul>\n<\/li>\n<\/ul>\n<p class=\"font_8\">\u2192\u00a0Sp\u00e9cialis\u00e9 dans l\u2019hydraulique urbaine, la ma\u00eetrise d\u2019\u0153uvre, les mod\u00e9lisations hydrauliques et la gestion du risque inondation.<\/p>\n<\/div>\n<\/div>\n<div class=\"csColumn\" style=\"margin: 0px; padding: 0px; float: left; width: 44.3%;\" data-csstartpoint=\"500\" data-csendpoint=\"925\" data-cswidth=\"44.3%\" data-csid=\"8bcfc968-b711-011e-811e-e7001035b06d\">\n<div style=\"background-color: #e0ffff; border: 1px solid #DDDDDD; padding: 10px; margin: 10px;\">\n<p style=\"font-size: 14pt; text-align: center;\"><strong>Vianney GADIOLET<br \/>\nCharg\u00e9 d&rsquo;\u00e9tudes en risques naturels &#8211; Cordiste<\/strong><\/p>\n<ul>\n<li><span data-teams=\"true\">2016-2021 : Sous-officier des Troupes de Montagne (Arm\u00e9e de Terre) \u2013 Chamonix\/Grenoble\u00a0<\/span><\/li>\n<li><span data-teams=\"true\">2022\u00a0: Master G\u00e9ographie Universit\u00e9 Grenoble Alpes<\/span><\/li>\n<li><span data-teams=\"true\">2023-2024 : Charg\u00e9 d\u2019op\u00e9rations en syndicat rivi\u00e8re, CQP cordiste (Savoie)<\/span><\/li>\n<li><span data-teams=\"true\">2025 : Entr\u00e9e \u00e0 AGERIN SAS<\/span>\n<ul>\n<li>3 ans d&rsquo;exp\u00e9rience<\/li>\n<\/ul>\n<\/li>\n<\/ul>\n<p class=\"font_8\">\u2192 <span data-teams=\"true\">Sp\u00e9cialis\u00e9 dans la gestion des risques naturels (expertise, mod\u00e9lisation, dimensionnement)\u00a0: avalanches, \u00e9croulements, glissements de terrain, chutes de blocs, crues torrentielles, inondations. \u00a0Qualifi\u00e9 pour l\u2019accessibilit\u00e9 en contextes difficiles (haute montagne, falaises, cavit\u00e9s).\u00a0<\/span><\/p>\n<\/div>\n<\/div>\n<div class=\"csRow\">\n<div style=\"clear: both; float: none; display: block; visibility: hidden; width: 0px; font-size: 0px; line-height: 0;\"><\/div>\n<\/div>\n<\/div>\n<div class=\"csRow\">\n<div class=\"csColumnGap\" style=\"margin: 0px; padding: 0px; float: left; width: 2.6%;\"><img decoding=\"async\" style=\"border: none;\" src=\"http:\/\/agerin.ovh\/wp-content\/plugins\/advanced-wp-columns\/assets\/js\/plugins\/views\/img\/1x1-pixel.png\" \/><\/div>\n<div class=\"csColumn\" style=\"margin: 0px; padding: 0px; float: left; width: 44.3%;\" data-csstartpoint=\"500\" data-csendpoint=\"925\" data-cswidth=\"44.3%\" data-csid=\"215dde5d-a1c0-c49b-a08f-2992603b7b1f\">\n<div style=\"background-color: #e0ffff; border: 1px solid #DDDDDD; padding: 10px; margin: 10px;\">\n<p style=\"text-align: center;\"><span style=\"font-size: 14pt;\"><strong>Jasson MORAMUSSIO<\/strong><\/span><\/p>\n<p style=\"text-align: center;\"><span style=\"font-size: 14pt;\">Charg\u00e9 d&rsquo;\u00e9tudes &#8211; Ing\u00e9nieur en <strong>hydraulique <\/strong><\/span><\/p>\n<ul>\n<li>X<\/li>\n<li>X<\/li>\n<li>X<\/li>\n<li>X<\/li>\n<\/ul>\n<ul>\n<li style=\"list-style-type: none;\">\n<ul class=\"font_8\">\n<li>\n<p class=\"font_8\"><em>X ans d&rsquo;exp\u00e9rience<\/em><\/p>\n<\/li>\n<\/ul>\n<\/li>\n<\/ul>\n<p class=\"font_8\" style=\"text-align: justify;\">\u00a0 \u00a0\u2192 Sp\u00e9cialis\u00e9 X<\/p>\n<\/div>\n<div class=\"csColumnGap\" style=\"margin: 0px; padding: 0px; float: left; width: 3.65%;\"><img decoding=\"async\" style=\"border: none;\" src=\"http:\/\/agerin.ovh\/wp-content\/plugins\/advanced-wp-columns\/assets\/js\/plugins\/views\/img\/1x1-pixel.png\" \/><\/div>\n<div style=\"clear: both; float: none; display: block; visibility: hidden; width: 0px; font-size: 0px; line-height: 0;\"><\/div>\n<\/div>\n<div class=\"csRow\">\n<p class=\"font_8\">\n<\/div>\n<div class=\"csRow\">\n<div class=\"csColumnGap\" style=\"margin: 0px; padding: 0px; float: left; width: 2.6%;\"><img decoding=\"async\" style=\"border: none;\" src=\"http:\/\/agerin.ovh\/wp-content\/plugins\/advanced-wp-columns\/assets\/js\/plugins\/views\/img\/1x1-pixel.png\" \/><\/div>\n<div><\/div>\n<div class=\"csColumnGap\"><img decoding=\"async\" src=\"http:\/\/agerin.ovh\/wp-content\/plugins\/advanced-wp-columns\/assets\/js\/plugins\/views\/img\/1x1-pixel.png\" \/><\/div>\n<\/div>\n<\/div>\n<div class=\"csRow\">\n<div style=\"clear: both; float: none; display: block; visibility: hidden; width: 0px; font-size: 0px; line-height: 0;\"><\/div>\n<\/div>\n<\/div>\n<\/div>\n","protected":false},"excerpt":{"rendered":"<p>La soci\u00e9t\u00e9 AGERIN SAS r\u00e9unit aujourd&rsquo;hui une \u00e9quipe de 10 personnes (ing\u00e9nieurs, docteurs, etc.) sp\u00e9cialis\u00e9e dans les domaines suivants : Hydraulique : Hydraulique et hydrologie quantitative, mod\u00e9lisation num\u00e9rique des \u00e9coulements, hydrog\u00e9omorphologie, topographie, g\u00e9nie civil, conception d&rsquo;ouvrages en rivi\u00e8res, expertise de digues et barrages, ma\u00eetrise d&rsquo;\u0153uvre de travaux hydrauliques, hydraulique urbaine. Gestion des milieux aquatiques : [&hellip;]<\/p>\n","protected":false},"author":1,"featured_media":0,"parent":1072,"menu_order":0,"comment_status":"closed","ping_status":"closed","template":"","meta":[],"_links":{"self":[{"href":"https:\/\/agerin.ovh\/index.php\/wp-json\/wp\/v2\/pages\/39"}],"collection":[{"href":"https:\/\/agerin.ovh\/index.php\/wp-json\/wp\/v2\/pages"}],"about":[{"href":"https:\/\/agerin.ovh\/index.php\/wp-json\/wp\/v2\/types\/page"}],"author":[{"embeddable":true,"href":"https:\/\/agerin.ovh\/index.php\/wp-json\/wp\/v2\/users\/1"}],"replies":[{"embeddable":true,"href":"https:\/\/agerin.ovh\/index.php\/wp-json\/wp\/v2\/comments?post=39"}],"version-history":[{"count":99,"href":"https:\/\/agerin.ovh\/index.php\/wp-json\/wp\/v2\/pages\/39\/revisions"}],"predecessor-version":[{"id":2134,"href":"https:\/\/agerin.ovh\/index.php\/wp-json\/wp\/v2\/pages\/39\/revisions\/2134"}],"up":[{"embeddable":true,"href":"https:\/\/agerin.ovh\/index.php\/wp-json\/wp\/v2\/pages\/1072"}],"wp:attachment":[{"href":"https:\/\/agerin.ovh\/index.php\/wp-json\/wp\/v2\/media?parent=39"}],"curies":[{"name":"wp","href":"https:\/\/api.w.org\/{rel}","templated":true}]}}