








{"id":42,"date":"2016-07-21T14:58:55","date_gmt":"2016-07-21T13:58:55","guid":{"rendered":"http:\/\/test.agerin.ovh\/?page_id=42"},"modified":"2021-02-11T15:52:19","modified_gmt":"2021-02-11T13:52:19","slug":"moyens-materiels-et-informatiques","status":"publish","type":"page","link":"https:\/\/agerin.ovh\/index.php\/moyens-materiels-et-informatiques\/","title":{"rendered":"Moyens mat\u00e9riels"},"content":{"rendered":"<hr \/>\n<p class=\"font_7\">AGERIN dispose d&rsquo;un grand nombre d&rsquo;outils et de mat\u00e9riels dans plusieurs domaines : \u00a0 <span style=\"font-size: 14pt;\"><strong>\u00a0 <\/strong><\/span><\/p>\n<p class=\"font_7\"><span style=\"font-size: 14pt;\"><strong>Mat\u00e9riels sp\u00e9cifiques \u00e0 l&rsquo;analyse de terrain, \u00e0 la topographie et \u00e0 la cartographie<\/strong><\/span><\/p>\n<ul>\n<li style=\"padding-left: 30px;\">Mat\u00e9riel de pose et suivi de cha\u00eene d\u2019\u00e9rosion pour \u00e9valuer les remaniements alluviaux.<\/li>\n<li style=\"padding-left: 30px;\">Mat\u00e9riel de mise en place et de suivi colorim\u00e9trique des bancs alluviaux et magn\u00e9tom\u00e9trique.<\/li>\n<li style=\"padding-left: 30px;\">Mat\u00e9riel d\u2019\u00e9chantillonnage granulom\u00e9trique des nappes alluviales (granulom\u00e9trie \u00e9tendue) et des pavages.<\/li>\n<li style=\"padding-left: 30px;\">Mat\u00e9riel de travail en milieu aquatique.<\/li>\n<li style=\"padding-left: 30px;\">Mat\u00e9riel en travail en milieu difficile d&rsquo;acc\u00e8s.<\/li>\n<li style=\"padding-left: 30px;\">Mat\u00e9riel de topographie terrestre : Tach\u00e9om\u00e8tres terrestres (LEICA TCR\u00a0 407 et GEOMAX ZIP10 pro), GPS topographique Altus NR3, niveaux optiques, clinom\u00e8tres, t\u00e9l\u00e9m\u00e8tre Laser Leica DISTO A5.<\/li>\n<\/ul>\n\n\t\t<style type=\"text\/css\">\n\t\t\t#gallery-2 {\n\t\t\t\tmargin: auto;\n\t\t\t}\n\t\t\t#gallery-2 .gallery-item {\n\t\t\t\tfloat: left;\n\t\t\t\tmargin-top: 10px;\n\t\t\t\ttext-align: center;\n\t\t\t\twidth: 33%;\n\t\t\t}\n\t\t\t#gallery-2 img {\n\t\t\t\tborder: 2px solid #cfcfcf;\n\t\t\t}\n\t\t\t#gallery-2 .gallery-caption {\n\t\t\t\tmargin-left: 0;\n\t\t\t}\n\t\t\t\/* see gallery_shortcode() in wp-includes\/media.php *\/\n\t\t<\/style>\n\t\t<div id='gallery-2' class='gallery galleryid-42 gallery-columns-3 gallery-size-medium'><dl class='gallery-item'>\n\t\t\t<dt class='gallery-icon landscape'>\n\t\t\t\t<img width=\"300\" height=\"225\" src=\"https:\/\/agerin.ovh\/wp-content\/uploads\/2016\/07\/IMGP0001-300x225.jpg\" class=\"attachment-medium size-medium\" alt=\"\" decoding=\"async\" loading=\"lazy\" srcset=\"https:\/\/agerin.ovh\/wp-content\/uploads\/2016\/07\/IMGP0001-300x225.jpg 300w, https:\/\/agerin.ovh\/wp-content\/uploads\/2016\/07\/IMGP0001-768x576.jpg 768w, https:\/\/agerin.ovh\/wp-content\/uploads\/2016\/07\/IMGP0001-700x525.jpg 700w\" sizes=\"(max-width: 300px) 100vw, 300px\" \/>\n\t\t\t<\/dt><\/dl><dl class='gallery-item'>\n\t\t\t<dt class='gallery-icon landscape'>\n\t\t\t\t<img width=\"300\" height=\"225\" src=\"https:\/\/agerin.ovh\/wp-content\/uploads\/2016\/07\/bateau-300x225.jpg\" class=\"attachment-medium size-medium\" alt=\"\" decoding=\"async\" loading=\"lazy\" srcset=\"https:\/\/agerin.ovh\/wp-content\/uploads\/2016\/07\/bateau-300x225.jpg 300w, https:\/\/agerin.ovh\/wp-content\/uploads\/2016\/07\/bateau-768x577.jpg 768w, https:\/\/agerin.ovh\/wp-content\/uploads\/2016\/07\/bateau-700x526.jpg 700w, https:\/\/agerin.ovh\/wp-content\/uploads\/2016\/07\/bateau.jpg 1228w\" sizes=\"(max-width: 300px) 100vw, 300px\" \/>\n\t\t\t<\/dt><\/dl><dl class='gallery-item'>\n\t\t\t<dt class='gallery-icon portrait'>\n\t\t\t\t<img width=\"225\" height=\"300\" src=\"https:\/\/agerin.ovh\/wp-content\/uploads\/2016\/07\/GPS-225x300.jpg\" class=\"attachment-medium size-medium\" alt=\"\" decoding=\"async\" loading=\"lazy\" srcset=\"https:\/\/agerin.ovh\/wp-content\/uploads\/2016\/07\/GPS-225x300.jpg 225w, https:\/\/agerin.ovh\/wp-content\/uploads\/2016\/07\/GPS.jpg 768w, https:\/\/agerin.ovh\/wp-content\/uploads\/2016\/07\/GPS-700x933.jpg 700w\" sizes=\"(max-width: 225px) 100vw, 225px\" \/>\n\t\t\t<\/dt><\/dl><br style=\"clear: both\" \/>\n\t\t<\/div>\n\n<ul>\n<li style=\"padding-left: 30px;\">Mat\u00e9riel de mesure en rivi\u00e8re : Courantom\u00e8tre (FP 111 de Global Water).<\/li>\n<li style=\"padding-left: 30px;\">Mat\u00e9riel d&rsquo;\u00e9chosondage : utilisation d\u2019un couplage GPS topo et \u00e9chosondeur (Lowrence Elite 5) \u00e0 champs large (120\u00b0) sur un bateau \u00e9quip\u00e9 (4 m\u00e8tres) \u00e9quip\u00e9 de deux moteurs (thermique et \u00e9lectrique) pour r\u00e9alisation de profils et de maillages bathym\u00e9triques.<\/li>\n<li style=\"padding-left: 30px;\">Sonde multiparam\u00e8tre (conduction, temp\u00e9rature, O2, salinit\u00e9).<\/li>\n<li style=\"padding-left: 30px;\">Perm\u00e9am\u00e8tre \u00e0 double anneaux.<\/li>\n<li style=\"padding-left: 30px;\">Plusieurs v\u00e9hicules de fonctions dont deux 4&#215;4.<\/li>\n<\/ul>\n<p>&nbsp;<\/p>\n<p class=\"font_7\"><span style=\"font-size: 14pt;\"><strong>\u00a0 \u00a0 Mat\u00e9riels sp\u00e9cifiques \u00e0 l&rsquo;analyse en laboratoire des nappes de transport solide et de leur g\u00e9om\u00e9trie<\/strong><\/span><\/p>\n<ul>\n<li style=\"padding-left: 30px;\">Colonne granulom\u00e9trique.<\/li>\n<li style=\"padding-left: 30px;\">Acc\u00e8s \u00e0 un granulom\u00e8tre \u00e0 laser pour les fractions limono-argileuses.<\/li>\n<li style=\"padding-left: 30px;\">Mat\u00e9riel traditionnel de p\u00e9trographie \u00e9l\u00e9mentaire.<\/li>\n<li style=\"padding-left: 30px;\">Loupe binoculaire Zoom x40.<\/li>\n<\/ul>\n<p>&nbsp;<\/p>\n<p class=\"font_7\"><span style=\"font-size: 14pt;\"><strong>\u00a0 \u00a0 Mat\u00e9riel informatique<\/strong><\/span><\/p>\n<ul>\n<li style=\"padding-left: 30px;\">14 ordinateurs PC, dont 6 stations de travail \u00e0 hautes performances d\u00e9di\u00e9es \u00e0 l&rsquo;analyse spatiale (photointerpr\u00e9tation, analyse diachronique, mod\u00e9lisations &#8230;), sous Windows, sont reli\u00e9s en r\u00e9seau (avec acc\u00e8s \u00e0 distance) et les informations et bases de donn\u00e9es sont g\u00e9r\u00e9es par un puissant serveur HP doubl\u00e9 de plusieurs serveurs de stockage et de sauvegarde.<\/li>\n<li style=\"padding-left: 30px;\">Serveur Internet et pare-feu.<\/li>\n<li style=\"padding-left: 30px;\">Quatre ordinateurs portables, pour les t\u00e2ches de terrain notamment.<\/li>\n<li style=\"padding-left: 30px;\">Postes de travail raccord\u00e9s \u00e0 des p\u00e9riph\u00e9riques professionnels r\u00e9pondant \u00e0 nos besoins :\n<ul>\n<li style=\"padding-left: 30px;\">1 copieur-couleur laser,<\/li>\n<li style=\"padding-left: 30px;\">1 copieur-couleur Inkjet,<\/li>\n<li style=\"padding-left: 30px;\">1 traceurs couleur haute d\u00e9finition Hewlett packard DJ500c (A1 et A0+),<\/li>\n<li style=\"padding-left: 30px;\">1 num\u00e9riseur haute d\u00e9finition (format A3+),<\/li>\n<li style=\"padding-left: 30px;\">des imprimantes photos et laser couleur.<\/li>\n<\/ul>\n<\/li>\n<\/ul>\n<p>&nbsp;<\/p>\n<p class=\"font_7\"><span style=\"font-size: 14pt;\"><strong>\u00a0 \u00a0Logiciels et outils num\u00e9riques<\/strong><\/span><\/p>\n<p class=\"font_8\"><span style=\"text-decoration: underline;\">Logiciels de CAO et SIG :<\/span>\u00a0ArcGis ; MapInfo ; QGIS ; Geomensura Genius ; Corel Designer.<\/p>\n<p class=\"font_8\"><span style=\"text-decoration: underline;\">Logiciels de mod\u00e9lisations et simulations hydrauliques :<\/span>\u00a0HEC-RAS ; EPA\u00a0SWMM ; Telemac 2D ; RIVER2D ; HEC-HMS.<\/p>\n<p class=\"font_8\"><span style=\"text-decoration: underline;\">Logiciels d\u00e9velopp\u00e9s sp\u00e9cifiques \u00e0 nos besoins :<\/span><\/p>\n<p class=\"font_8\" style=\"padding-left: 30px;\">&#8211; HYDROLOGIX : calcul des d\u00e9bits instantan\u00e9s de crues pour les bassins non jaug\u00e9s ;<br \/>\n&#8211; AGERIN-HYDRO : calcul des d\u00e9bits dans toutes sortes d\u2019ouvrages et sur les tron\u00e7ons h\u00e9t\u00e9rog\u00e8nes ;<br \/>\n&#8211; DESOTOR : mod\u00e9lise les transports solides dans les lits des torrents par tron\u00e7on ;<br \/>\n&#8211; CAISSONS : dimensionnement des caissons en bois (taille, volumes, calculs des contraintes\u2026) ;<br \/>\n&#8211; POUTRES : calcul des contraintes sur les IPE et IPM dans les ouvrages ;<br \/>\n&#8211; FOSSES : calcul des fosses de dissipation ;<br \/>\n&#8211; PASSE : mod\u00e9lise les param\u00e8tres des passes \u00e0 poissons pour diff\u00e9rentes lignes d&rsquo;eau.<\/p>\n<p class=\"font_8\"><span style=\"text-decoration: underline;\">Autres outils num\u00e9riques utilis\u00e9s :<\/span><\/p>\n<p class=\"font_8\" style=\"padding-left: 30px;\">&#8211; Des mod\u00e8les d\u2019ajustements des d\u00e9bits (SAFARHY, CNRS-HYDROLAB) ;<br \/>\n&#8211; Des mod\u00e8les hydrologiques de simulation d\u2019onde de crue et de projections pluies-d\u00e9bits ;<br \/>\n&#8211; Des mod\u00e8les de rupture de digues (CEMAGREF CASTOR) ;<br \/>\n&#8211; Des logiciels d\u2019analyse spatiale (ET Geowizard) ;<br \/>\n&#8211; Des logiciels de dimensionnement de passes \u00e0 poissons comme CASSIOPEE (GHAPPE, ONEMA) et FISHXING V3 (Editeur : AOP)\u2026 ;<br \/>\n&#8211; MATTEROCKING et MATTERCLIFF (\u00e9dit\u00e9s par CREALP en Suisse) \u00e9valuent les zones d&rsquo;instabilit\u00e9s et les probabilit\u00e9s de chutes de blocs ;<br \/>\n&#8211; CONEFALL (\u00e9dit\u00e9 par QUANTERRA, laboratoire de recherche Suisse) sert \u00e0 \u00e9valuer les zones d&rsquo;arriv\u00e9es de blocs \u00e0 partir d&rsquo;un MNT.<br \/>\n&#8211; ROCKPRO 3D.<\/p>\n","protected":false},"excerpt":{"rendered":"<p>AGERIN dispose d&rsquo;un grand nombre d&rsquo;outils et de mat\u00e9riels dans plusieurs domaines : \u00a0 \u00a0 Mat\u00e9riels sp\u00e9cifiques \u00e0 l&rsquo;analyse de terrain, \u00e0 la topographie et \u00e0 la cartographie Mat\u00e9riel de pose et suivi de cha\u00eene d\u2019\u00e9rosion pour \u00e9valuer les remaniements alluviaux. Mat\u00e9riel de mise en place et de suivi colorim\u00e9trique des bancs alluviaux et magn\u00e9tom\u00e9trique. [&hellip;]<\/p>\n","protected":false},"author":1,"featured_media":0,"parent":0,"menu_order":0,"comment_status":"closed","ping_status":"closed","template":"","meta":[],"_links":{"self":[{"href":"https:\/\/agerin.ovh\/index.php\/wp-json\/wp\/v2\/pages\/42"}],"collection":[{"href":"https:\/\/agerin.ovh\/index.php\/wp-json\/wp\/v2\/pages"}],"about":[{"href":"https:\/\/agerin.ovh\/index.php\/wp-json\/wp\/v2\/types\/page"}],"author":[{"embeddable":true,"href":"https:\/\/agerin.ovh\/index.php\/wp-json\/wp\/v2\/users\/1"}],"replies":[{"embeddable":true,"href":"https:\/\/agerin.ovh\/index.php\/wp-json\/wp\/v2\/comments?post=42"}],"version-history":[{"count":21,"href":"https:\/\/agerin.ovh\/index.php\/wp-json\/wp\/v2\/pages\/42\/revisions"}],"predecessor-version":[{"id":1974,"href":"https:\/\/agerin.ovh\/index.php\/wp-json\/wp\/v2\/pages\/42\/revisions\/1974"}],"wp:attachment":[{"href":"https:\/\/agerin.ovh\/index.php\/wp-json\/wp\/v2\/media?parent=42"}],"curies":[{"name":"wp","href":"https:\/\/api.w.org\/{rel}","templated":true}]}}