








{"id":681,"date":"2016-10-04T15:34:29","date_gmt":"2016-10-04T13:34:29","guid":{"rendered":"http:\/\/test.agerin.ovh\/?page_id=681"},"modified":"2021-02-11T12:35:56","modified_gmt":"2021-02-11T10:35:56","slug":"ppr-ppri","status":"publish","type":"page","link":"https:\/\/agerin.ovh\/index.php\/domaines-dactivite\/risques-naturels\/ppr-ppri\/","title":{"rendered":"PPR &#038; PPRi"},"content":{"rendered":"<hr \/>\n<p style=\"text-align: justify;\">Face aux catastrophes naturelles, l\u2019Etat a mis en \u0153uvre une politique de pr\u00e9vention des risques naturels dont l\u2019un des points essentiels est de limiter strictement le d\u00e9veloppement de certaines activit\u00e9s humaines dans les zones expos\u00e9es.<br \/>\nCela s\u2019est traduit, dans la loi du 2 f\u00e9vrier 1995 relative au renforcement de la protection de l\u2019environnement, par la cr\u00e9ation des plans de pr\u00e9vention des risques naturels pr\u00e9visibles (PPR) qui visent \u00e0 limiter, dans une perspective de d\u00e9veloppement durable, les cons\u00e9quences humaines et \u00e9conomiques des catastrophes naturelles.<br \/>\nLe Plan de Pr\u00e9vention des Risques naturels pr\u00e9visibles (PPR) est \u00e9tabli en application des articles L 562-1 \u00e0 L 562-9 du Code de l&rsquo;Environnement (partie l\u00e9gislative) et du d\u00e9cret n\u00b0 95-1089 du 5 octobre 1995 relatif aux Plans de Pr\u00e9vention des Risques naturels pr\u00e9visibles, modifi\u00e9 par le d\u00e9cret n\u00b0 2005-3 du 4 janvier 2005.<\/p>\n<p><a href=\"http:\/\/agerin.ovh\/index.php\/references\/risques-naturels\/\">&#8211; Voir les r\u00e9f\u00e9rences d&rsquo;AGERIN &#8211;<\/a>\n<\/p>\n<hr \/>\n<h5>PPR multirisques<\/h5>\n<p>&nbsp;<\/p>\n<p style=\"text-align: justify;\">Avec la r\u00e9alisation de nombreux Plans de Pr\u00e9vention des Risques, AGERIN s\u2019est impos\u00e9e comme sp\u00e9cialiste de la gestion des risques naturels, tant pour les inondations (analyses hydrog\u00e9omorphologiques, mod\u00e9lisation 1D, mod\u00e9lisation 2D)\u00a0 que pour les analyses multirisques (chutes de blocs, inondations, crues torrentielles, ravinements, effondrements, avalanches, etc.). A ce jour, ce sont plusieurs centaines de communes, dans de nombreux d\u00e9partements du sud de la France, qui b\u00e9n\u00e9ficient d\u2019un PPR r\u00e9alis\u00e9 par AGERIN.<\/p>\n<p>&nbsp;<\/p>\n<p>[foogallery id=\u00a0\u00bb1606&Prime;]<\/p>\n<p>&nbsp;<\/p>\n<hr \/>\n<h5>PPRi<\/h5>\n<p>&nbsp;<\/p>\n<div class=\"csRow\">\n<div class=\"csColumn\" style=\"margin: 0px; padding: 0px; float: left; width: 52.1%;\" data-csstartpoint=\"0\" data-csendpoint=\"500\" data-cswidth=\"52.1%\" data-csid=\"00a4ba70-9ddb-314c-94d5-ec7d981a24e7\">\n<p style=\"text-align: justify;\">En ce qui concerne le risque d\u2019inondation, la politique de pr\u00e9vention se traduit par un outil r\u00e9glementaire\u00a0: le Plan de Pr\u00e9vention des Risques d\u2019Inondation.<br \/>\nUn PPRi identifie les zones soumises au risque, d\u00e9finit les prescriptions d\u2019urbanisme les concernant et prescrit les mesures de pr\u00e9vention, de protection et de sauvegarde \u00e0 prendre. Ce document a comme objectif la prise en compte des risques de crue dans l\u2019am\u00e9nagement du territoire et la r\u00e9duction des dommages aux personnes et aux biens.<br \/>\nSp\u00e9cialis\u00e9e dans l\u2019analyse du risque, l\u2019\u00e9quipe d\u2019AGERIN a d\u00e9j\u00e0 r\u00e9alis\u00e9 les PPRI et\/ou \u00e9tude d\u2019al\u00e9a inondation de plus de 130 communes dans les d\u00e9partements de l\u2019Ard\u00e8che, l\u2019Ari\u00e8ge, les Landes, la Loz\u00e8re, le Gers, le Tarn et le Tarn-et-Garonne.<\/p>\n<p>De plus, nous effectuons aussi des \u00e9tudes relatives \u00e0 l\u2019\u00e9volution de la connaissance du risque. Nous avons notamment r\u00e9alis\u00e9 plusieurs inventaires des rep\u00e8res et photographies de crues sur les bassins de l\u2019Ari\u00e8ge, la L\u00e8ze, l\u2019Hers Mort, le Salat, la Garonne, la Neste et l\u2019Arize pour le compte de la DREAL Occitanie.<\/p>\n<p>Nous avons aussi conduit plusieurs \u00e9tudes de retour d\u2019exp\u00e9rience \u00e0 la suite de fortes crues, comme pour les bassins de la L\u00e8ze, de l\u2019Arize et de l\u2019Hers Mort.<\/p>\n<\/div>\n<div class=\"csColumnGap\" style=\"margin: 0px; padding: 0px; float: left; width: 9.38%;\"><img decoding=\"async\" style=\"border: none;\" src=\"http:\/\/agerin.ovh\/wp-content\/plugins\/advanced-wp-columns\/assets\/js\/plugins\/views\/img\/1x1-pixel.png\" \/><\/div>\n<div class=\"csColumn\" style=\"margin: 0px; padding: 0px; float: left; width: 38.5%;\" data-csstartpoint=\"590\" data-csendpoint=\"960\" data-cswidth=\"38.5%\" data-csid=\"32867b96-b94a-984c-b683-5404d8945c86\">\n<div style=\"text-align: center;\">\n<p>[foogallery id=\u00a0\u00bb1563&Prime;]<\/p>\n<\/div>\n<\/div>\n<\/div>\n","protected":false},"excerpt":{"rendered":"<p>Face aux catastrophes naturelles, l\u2019Etat a mis en \u0153uvre une politique de pr\u00e9vention des risques naturels dont l\u2019un des points essentiels est de limiter strictement le d\u00e9veloppement de certaines activit\u00e9s humaines dans les zones expos\u00e9es. Cela s\u2019est traduit, dans la loi du 2 f\u00e9vrier 1995 relative au renforcement de la protection de l\u2019environnement, par la [&hellip;]<\/p>\n","protected":false},"author":1,"featured_media":0,"parent":1067,"menu_order":0,"comment_status":"closed","ping_status":"closed","template":"","meta":[],"_links":{"self":[{"href":"https:\/\/agerin.ovh\/index.php\/wp-json\/wp\/v2\/pages\/681"}],"collection":[{"href":"https:\/\/agerin.ovh\/index.php\/wp-json\/wp\/v2\/pages"}],"about":[{"href":"https:\/\/agerin.ovh\/index.php\/wp-json\/wp\/v2\/types\/page"}],"author":[{"embeddable":true,"href":"https:\/\/agerin.ovh\/index.php\/wp-json\/wp\/v2\/users\/1"}],"replies":[{"embeddable":true,"href":"https:\/\/agerin.ovh\/index.php\/wp-json\/wp\/v2\/comments?post=681"}],"version-history":[{"count":46,"href":"https:\/\/agerin.ovh\/index.php\/wp-json\/wp\/v2\/pages\/681\/revisions"}],"predecessor-version":[{"id":1932,"href":"https:\/\/agerin.ovh\/index.php\/wp-json\/wp\/v2\/pages\/681\/revisions\/1932"}],"up":[{"embeddable":true,"href":"https:\/\/agerin.ovh\/index.php\/wp-json\/wp\/v2\/pages\/1067"}],"wp:attachment":[{"href":"https:\/\/agerin.ovh\/index.php\/wp-json\/wp\/v2\/media?parent=681"}],"curies":[{"name":"wp","href":"https:\/\/api.w.org\/{rel}","templated":true}]}}