








{"id":724,"date":"2016-10-13T15:03:22","date_gmt":"2016-10-13T13:03:22","guid":{"rendered":"http:\/\/test.agerin.ovh\/?page_id=724"},"modified":"2017-06-20T15:36:49","modified_gmt":"2017-06-20T13:36:49","slug":"ouvrages-hydrauliques-genie-civil","status":"publish","type":"page","link":"https:\/\/agerin.ovh\/index.php\/domaines-dactivite\/ouvrages-hydrauliques-genie-civil\/","title":{"rendered":"Ouvrages hydrauliques &#038; G\u00e9nie Civil"},"content":{"rendered":"<hr \/>\n<div class=\"csRow\">\n<div class=\"csColumn\" style=\"margin: 0px; padding: 0px; float: left; width: 52.1%;\" data-csstartpoint=\"0\" data-csendpoint=\"500\" data-cswidth=\"52.1%\" data-csid=\"2beb8498-5ed1-e74d-847c-d15d4c7f824a\">\n<p style=\"text-align: justify;\">Face \u00e0 tous les besoins qui s\u2019imposent pour la gestion des cours d\u2019eau et de leurs berges, nous vous apportons des solutions techniques pour toutes sortes d\u2019am\u00e9nagements hydrauliques.<\/p>\n<p style=\"text-align: justify;\">Nous travaillons notamment sur la conception et la ma\u00eetrise d\u2019\u0153uvre des \u00e9l\u00e9ments suivants:<\/p>\n<ul style=\"text-align: justify;\">\n<li style=\"text-align: justify;\">protection de berges (enrochement, ma\u00e7onnerie et en g\u00e9nie biologique\u2026) ;<\/li>\n<li style=\"text-align: justify;\">ouvrages hydrauliques (ponts, seuils, \u00eeles, \u00e9pis, gu\u00e9s\u2026) ;<\/li>\n<li style=\"text-align: justify;\">protections et am\u00e9nagements en domaine torrentiel (digues, plages de d\u00e9p\u00f4ts, barrages de correction, renforcements de chenaux\u2026) ;<\/li>\n<li style=\"text-align: justify;\">dispositif de montaison (passes \u00e0 poissons) ;\n<ul>\n<li>passes \u00e0 bassins successifs de tous types ;<\/li>\n<li>passe mixte (poissons et bateaux) ;<\/li>\n<li>passe \u00e0 ralentisseurs (ralentisseurs m\u00e9talliques, ralentisseurs \u00e0 chevrons) ;<\/li>\n<li>passe \u00e0 enrochement r\u00e9guli\u00e8rement r\u00e9partis ;<\/li>\n<li>rampes \u00e0 brosses (pour les anguillettes et les civelles) ;<\/li>\n<li>rivi\u00e8re ou chenal artificiel en contournement d\u2019ouvrage.<\/li>\n<\/ul>\n<\/li>\n<li>dispositifs de d\u00e9valaison (goulotte, fentes, trop plein\u2026) et les prises d\u2019eau et plans de grille ichtyocompatibles.<\/li>\n<\/ul>\n<\/div>\n<div class=\"csColumnGap\" style=\"margin: 0px; padding: 0px; float: left; width: 9.38%;\"><img decoding=\"async\" style=\"border: none;\" src=\"http:\/\/agerin.ovh\/wp-content\/plugins\/advanced-wp-columns\/assets\/js\/plugins\/views\/img\/1x1-pixel.png\" \/><\/div>\n<div class=\"csColumn\" style=\"margin: 0px; padding: 0px; float: left; width: 38.5%;\" data-csstartpoint=\"590\" data-csendpoint=\"960\" data-cswidth=\"38.5%\" data-csid=\"53562a48-b0b5-2a5a-a7f3-ea85675b6fb8\">\n<p>[foogallery id=\u00a0\u00bb894&Prime;]<\/p>\n<\/div>\n<\/div>\n<p>&nbsp;<\/p>\n<p><a href=\"http:\/\/agerin.ovh\/index.php\/references\/etudes\/\">&#8211; Voir les r\u00e9f\u00e9rences d\u2019AGERIN &#8211;<\/a><\/p>\n","protected":false},"excerpt":{"rendered":"<p>Face \u00e0 tous les besoins qui s\u2019imposent pour la gestion des cours d\u2019eau et de leurs berges, nous vous apportons des solutions techniques pour toutes sortes d\u2019am\u00e9nagements hydrauliques. Nous travaillons notamment sur la conception et la ma\u00eetrise d\u2019\u0153uvre des \u00e9l\u00e9ments suivants: protection de berges (enrochement, ma\u00e7onnerie et en g\u00e9nie biologique\u2026) ; ouvrages hydrauliques (ponts, seuils, [&hellip;]<\/p>\n","protected":false},"author":1,"featured_media":0,"parent":1045,"menu_order":0,"comment_status":"closed","ping_status":"closed","template":"","meta":[],"_links":{"self":[{"href":"https:\/\/agerin.ovh\/index.php\/wp-json\/wp\/v2\/pages\/724"}],"collection":[{"href":"https:\/\/agerin.ovh\/index.php\/wp-json\/wp\/v2\/pages"}],"about":[{"href":"https:\/\/agerin.ovh\/index.php\/wp-json\/wp\/v2\/types\/page"}],"author":[{"embeddable":true,"href":"https:\/\/agerin.ovh\/index.php\/wp-json\/wp\/v2\/users\/1"}],"replies":[{"embeddable":true,"href":"https:\/\/agerin.ovh\/index.php\/wp-json\/wp\/v2\/comments?post=724"}],"version-history":[{"count":20,"href":"https:\/\/agerin.ovh\/index.php\/wp-json\/wp\/v2\/pages\/724\/revisions"}],"predecessor-version":[{"id":1845,"href":"https:\/\/agerin.ovh\/index.php\/wp-json\/wp\/v2\/pages\/724\/revisions\/1845"}],"up":[{"embeddable":true,"href":"https:\/\/agerin.ovh\/index.php\/wp-json\/wp\/v2\/pages\/1045"}],"wp:attachment":[{"href":"https:\/\/agerin.ovh\/index.php\/wp-json\/wp\/v2\/media?parent=724"}],"curies":[{"name":"wp","href":"https:\/\/api.w.org\/{rel}","templated":true}]}}