








{"id":774,"date":"2016-12-05T14:46:45","date_gmt":"2016-12-05T12:46:45","guid":{"rendered":"http:\/\/test.agerin.ovh\/?page_id=774"},"modified":"2021-02-11T15:08:33","modified_gmt":"2021-02-11T13:08:33","slug":"inventaires-naturalistes","status":"publish","type":"page","link":"https:\/\/agerin.ovh\/index.php\/domaines-dactivite\/ecologieecohydraulique\/inventaires-naturalistes\/","title":{"rendered":"Inventaires naturalistes"},"content":{"rendered":"<hr \/>\n<div class=\"csRow\">\n<div class=\"csColumn\" style=\"margin: 0px; padding: 0px; float: left; width: 52.1%;\" data-csstartpoint=\"0\" data-csendpoint=\"500\" data-cswidth=\"52.1%\" data-csid=\"e886da6a-3623-65e1-98d4-1a025f0e1ba5\">\n<p style=\"text-align: justify;\">L\u2019\u00e9quipe d\u2019AGERIN propose des inventaires et expertises naturalistes concernant la faune, la flore et les habitats naturels.<\/p>\n<p style=\"text-align: justify;\">Ces inventaires sont effectu\u00e9s \u00e0 pied ou par bateau et peuvent \u00eatre compl\u00e9t\u00e9s par analyse spatiale (photo-interpr\u00e9tation, exploitation de bases de donn\u00e9es g\u00e9olocalis\u00e9es)<\/p>\n<ul style=\"text-align: justify;\">\n<li>Inventaire de la flore et des habitats naturels<\/li>\n<\/ul>\n<p style=\"text-align: justify;\">Une grande exp\u00e9rience d\u2019identification des esp\u00e8ces v\u00e9g\u00e9tales nous permet d\u2019effectuer des relev\u00e9s floristiques et phytosociologiques de tout type d\u2019habitat naturel, et en particulier de la flore des zones humides et aquatiques, mais aussi de la flore messicole, la flore de haute montagne, la flore ordinaire ou la recherche d\u2019esp\u00e8ces v\u00e9g\u00e9tales prot\u00e9g\u00e9es.<\/p>\n<p style=\"text-align: justify;\">Nos exp\u00e9riences et \u00e9changes avec le Conservatoire Botanique nous permettent une aisance dans l\u2019application des typologies d\u2019habitats naturels \u00e0 partir des relev\u00e9s floristiques, notamment CORINE Biotopes et Natura 2000.\u00a0<em>\u00a0\u00a0<\/em><\/p>\n<p style=\"text-align: justify;\">Les inventaires d\u2019esp\u00e8ces v\u00e9g\u00e9tales peuvent \u00eatre restitu\u00e9s sous forme de listes d\u2019esp\u00e8ces, d\u2019habitat naturels et de cartographies d\u00e9taill\u00e9es.<\/p>\n<ul style=\"text-align: justify;\">\n<li>Inventaire de la faune<\/li>\n<\/ul>\n<p style=\"text-align: justify;\">Nous effectuons l\u2019inventaire des traces et d\u2019observations de faune, en particulier en ce qui concerne les esp\u00e8ces patrimoniales inf\u00e9od\u00e9es aux milieux aquatiques comme la loutre d\u2019Europe, les Desman des Pyr\u00e9n\u00e9es, le Castor, la moule perli\u00e8re ou encore l\u2019\u00e9crevisse \u00e0 pattes blanches, mais aussi les fray\u00e8res de salmonid\u00e9s, les odonates, amphibiens, bivalves d\u2019eau douce, faune benthique et autres \u00e9l\u00e9ments que nous constatons sur le terrain .<\/p>\n<p style=\"text-align: justify;\">Pour cela les inventaires sont programm\u00e9s aux p\u00e9riodes favorables en termes hydrologique, m\u00e9t\u00e9orologiques et des p\u00e9riodes de reproduction.<\/p>\n<p style=\"text-align: justify;\">Nous effectuons \u00e9galement l\u2019\u00e9chantillonnage et la d\u00e9termination des macroinvert\u00e9br\u00e9s d\u2019eau douce pour la d\u00e9termination d\u2019indices biologiques de type IBGN, IBG-DCE ou I2M2 selon les normes en vigueur.<\/p>\n<p style=\"text-align: justify;\">Nous avons l\u2019habitude de travailler avec nos partenaires (Associations des Naturalistes d\u2019Ari\u00e8ge\u2026) pour sous-traiter des demandes sp\u00e9cifiques comme<\/p>\n<ul style=\"text-align: justify;\">\n<li>Les inventaires de groupes faunistiques sp\u00e9cifiques demandant l\u2019intervention de sp\u00e9cialistes (avifaune, chiropt\u00e8res, l\u00e9pidopt\u00e8res\u2026)\u00a0;<\/li>\n<li>les p\u00eaches \u00e9lectriques, que nous r\u00e9alisons conjointement avec la soci\u00e9t\u00e9 ID-EAUX (46) ;<\/li>\n<li>les d\u00e9terminations d\u2019indices biologiques de type IPR, IBD, IBMR, \u2026<\/li>\n<\/ul>\n<ul style=\"text-align: justify;\">\n<li>\u00c9valuation des habitats aquatiques<\/li>\n<\/ul>\n<p style=\"text-align: justify;\">En compl\u00e9ment aux inventaires de faune et afin de d\u00e9terminer la qualit\u00e9 des milieux aquatiques nous proc\u00e9dons aux inventaires d\u2019habitats aquatiques.<\/p>\n<p style=\"text-align: justify;\">Il peut s\u2019agir plus particuli\u00e8rement de mesures de la qualit\u00e9 physico-chimique des eaux (taux d\u2019oxyg\u00e8ne, pH, ammonium, \u2026),\u00a0\u00a0 d\u2019une cartographie des faci\u00e8s d\u2019\u00e9coulement, d\u2019une \u00e9valuation fine de microhabitats (m\u00e9thodes EVHA et ESTIMHAB), \u00a0d\u2019une d\u00e9termination du d\u00e9bit minimum biologique (DMB), de l\u2019\u00e9valuation de la nature du transport solide en rapport avec la faune piscicole etc.<\/p>\n<\/div>\n<div class=\"csColumnGap\" style=\"margin: 0px; padding: 0px; float: left; width: 9.38%;\"><img decoding=\"async\" style=\"border: none;\" src=\"http:\/\/agerin.ovh\/wp-content\/plugins\/advanced-wp-columns\/assets\/js\/plugins\/views\/img\/1x1-pixel.png\" \/><\/div>\n<div class=\"csColumn\" style=\"margin: 0px; padding: 0px; float: left; width: 38.5%;\" data-csstartpoint=\"590\" data-csendpoint=\"960\" data-cswidth=\"38.5%\" data-csid=\"8c190eff-3cc2-d8f1-9347-f74dab57b0ba\">\n<p style=\"text-align: center;\"><img decoding=\"async\" loading=\"lazy\" class=\"size-medium wp-image-374 aligncenter\" src=\"http:\/\/agerin.ovh\/wp-content\/uploads\/2016\/08\/IMGP3508-300x225.jpg\" alt=\"\" width=\"300\" height=\"225\" srcset=\"https:\/\/agerin.ovh\/wp-content\/uploads\/2016\/08\/IMGP3508-300x225.jpg 300w, https:\/\/agerin.ovh\/wp-content\/uploads\/2016\/08\/IMGP3508-768x576.jpg 768w, https:\/\/agerin.ovh\/wp-content\/uploads\/2016\/08\/IMGP3508-700x525.jpg 700w\" sizes=\"(max-width: 300px) 100vw, 300px\" \/><\/p>\n<p style=\"text-align: center;\"><img decoding=\"async\" loading=\"lazy\" class=\"size-medium wp-image-1880 aligncenter\" src=\"http:\/\/agerin.ovh\/wp-content\/uploads\/2018\/03\/IMGP0665_Gentiana-cf-acaulis-225x300.jpg\" alt=\"\" width=\"225\" height=\"300\" srcset=\"https:\/\/agerin.ovh\/wp-content\/uploads\/2018\/03\/IMGP0665_Gentiana-cf-acaulis-225x300.jpg 225w, https:\/\/agerin.ovh\/wp-content\/uploads\/2018\/03\/IMGP0665_Gentiana-cf-acaulis-113x150.jpg 113w, https:\/\/agerin.ovh\/wp-content\/uploads\/2018\/03\/IMGP0665_Gentiana-cf-acaulis-768x1024.jpg 768w, https:\/\/agerin.ovh\/wp-content\/uploads\/2018\/03\/IMGP0665_Gentiana-cf-acaulis-700x933.jpg 700w\" sizes=\"(max-width: 225px) 100vw, 225px\" \/><\/p>\n<p style=\"text-align: center;\"><img decoding=\"async\" loading=\"lazy\" class=\"size-medium wp-image-1879 aligncenter\" src=\"http:\/\/agerin.ovh\/wp-content\/uploads\/2018\/03\/IMGP0641_Primula-hirsuta-225x300.jpg\" alt=\"\" width=\"225\" height=\"300\" srcset=\"https:\/\/agerin.ovh\/wp-content\/uploads\/2018\/03\/IMGP0641_Primula-hirsuta-225x300.jpg 225w, https:\/\/agerin.ovh\/wp-content\/uploads\/2018\/03\/IMGP0641_Primula-hirsuta-113x150.jpg 113w, https:\/\/agerin.ovh\/wp-content\/uploads\/2018\/03\/IMGP0641_Primula-hirsuta-768x1024.jpg 768w, https:\/\/agerin.ovh\/wp-content\/uploads\/2018\/03\/IMGP0641_Primula-hirsuta-700x933.jpg 700w\" sizes=\"(max-width: 225px) 100vw, 225px\" \/><\/p>\n<p style=\"text-align: center;\"><img decoding=\"async\" loading=\"lazy\" class=\"size-medium wp-image-1881 aligncenter\" src=\"http:\/\/agerin.ovh\/wp-content\/uploads\/2018\/03\/IMGP0693-300x225.jpg\" alt=\"\" width=\"300\" height=\"225\" srcset=\"https:\/\/agerin.ovh\/wp-content\/uploads\/2018\/03\/IMGP0693-300x225.jpg 300w, https:\/\/agerin.ovh\/wp-content\/uploads\/2018\/03\/IMGP0693-150x113.jpg 150w, https:\/\/agerin.ovh\/wp-content\/uploads\/2018\/03\/IMGP0693-768x576.jpg 768w, https:\/\/agerin.ovh\/wp-content\/uploads\/2018\/03\/IMGP0693-700x525.jpg 700w\" sizes=\"(max-width: 300px) 100vw, 300px\" \/><\/p>\n<\/div>\n<div style=\"clear: both; float: none; display: block; visibility: hidden; width: 0px; font-size: 0px; line-height: 0;\"><\/div>\n<\/div>\n<p>&nbsp;<\/p>\n<p>&nbsp;<\/p>\n<p>&nbsp;<\/p>\n","protected":false},"excerpt":{"rendered":"<p>L\u2019\u00e9quipe d\u2019AGERIN propose des inventaires et expertises naturalistes concernant la faune, la flore et les habitats naturels. Ces inventaires sont effectu\u00e9s \u00e0 pied ou par bateau et peuvent \u00eatre compl\u00e9t\u00e9s par analyse spatiale (photo-interpr\u00e9tation, exploitation de bases de donn\u00e9es g\u00e9olocalis\u00e9es) Inventaire de la flore et des habitats naturels Une grande exp\u00e9rience d\u2019identification des esp\u00e8ces v\u00e9g\u00e9tales [&hellip;]<\/p>\n","protected":false},"author":1,"featured_media":0,"parent":1076,"menu_order":0,"comment_status":"closed","ping_status":"closed","template":"","meta":[],"_links":{"self":[{"href":"https:\/\/agerin.ovh\/index.php\/wp-json\/wp\/v2\/pages\/774"}],"collection":[{"href":"https:\/\/agerin.ovh\/index.php\/wp-json\/wp\/v2\/pages"}],"about":[{"href":"https:\/\/agerin.ovh\/index.php\/wp-json\/wp\/v2\/types\/page"}],"author":[{"embeddable":true,"href":"https:\/\/agerin.ovh\/index.php\/wp-json\/wp\/v2\/users\/1"}],"replies":[{"embeddable":true,"href":"https:\/\/agerin.ovh\/index.php\/wp-json\/wp\/v2\/comments?post=774"}],"version-history":[{"count":9,"href":"https:\/\/agerin.ovh\/index.php\/wp-json\/wp\/v2\/pages\/774\/revisions"}],"predecessor-version":[{"id":1959,"href":"https:\/\/agerin.ovh\/index.php\/wp-json\/wp\/v2\/pages\/774\/revisions\/1959"}],"up":[{"embeddable":true,"href":"https:\/\/agerin.ovh\/index.php\/wp-json\/wp\/v2\/pages\/1076"}],"wp:attachment":[{"href":"https:\/\/agerin.ovh\/index.php\/wp-json\/wp\/v2\/media?parent=774"}],"curies":[{"name":"wp","href":"https:\/\/api.w.org\/{rel}","templated":true}]}}