








{"id":785,"date":"2016-12-05T15:10:07","date_gmt":"2016-12-05T13:10:07","guid":{"rendered":"http:\/\/test.agerin.ovh\/?page_id=785"},"modified":"2021-02-11T15:23:22","modified_gmt":"2021-02-11T13:23:22","slug":"assainissement-pluvial","status":"publish","type":"page","link":"https:\/\/agerin.ovh\/index.php\/domaines-dactivite\/hydraulique\/assainissement-pluvial\/","title":{"rendered":"Assainissement pluvial"},"content":{"rendered":"<hr \/>\n<div class=\"csRow\">\n<div class=\"csColumn\" style=\"margin: 0px; padding: 0px; float: left; width: 52.1%;\" data-csstartpoint=\"0\" data-csendpoint=\"500\" data-cswidth=\"52.1%\" data-csid=\"55f48e86-f725-56cf-95dc-c6d10b49913f\">\n<p style=\"text-align: justify;\">Pour r\u00e9aliser vos projets d\u2019urbanisation, ou d\u2019am\u00e9nagement, nous r\u00e9alisons les \u00e9tudes indispensables de conception et de dimensionnement des r\u00e9seaux d\u2019assainissements pluviaux. Nous pouvons nous orienter \u00e0 la fois vers des fili\u00e8res traditionnelles (r\u00e9seaux de collecteurs souterrains et ouvrages de type bassins d\u2019\u00e9cr\u00eatements) et vers des solutions plus innovantes, notamment en lien avec une d\u00e9marche HQE ou \u00e9co-projet (collecte par noues et foss\u00e9s, stockages, infiltration individuelle ou collective, structure r\u00e9servoir pour r\u00e9utilisation\u2026).<\/p>\n<p style=\"text-align: justify;\">Depuis quelques ann\u00e9es, nous avons r\u00e9alis\u00e9 de nombreux projets en lien avec des constructions de maisons de retraite, de lotissements, de zones d\u2019activit\u00e9s\u2026<\/p>\n<p><a href=\"http:\/\/agerin.ovh\/index.php\/references\/etudes\/\"> &#8211; Voir les r\u00e9f\u00e9rences d&rsquo;AGERIN &#8211;<\/a><\/p>\n<\/div>\n<div class=\"csColumnGap\" style=\"margin: 0px; padding: 0px; float: left; width: 9.38%;\"><img decoding=\"async\" style=\"border: none;\" src=\"http:\/\/agerin.ovh\/wp-content\/plugins\/advanced-wp-columns\/assets\/js\/plugins\/views\/img\/1x1-pixel.png\" \/><\/div>\n<div class=\"csColumn\" style=\"margin: 0px; padding: 0px; float: left; width: 38.3%;\" data-csstartpoint=\"590\" data-csendpoint=\"958\" data-cswidth=\"38.3%\" data-csid=\"92f3cc1f-2ec2-e953-898c-bf8e55f04a2f\">\n<p>[foogallery id=\u00a0\u00bb913&Prime;]<\/p>\n<\/div>\n<div class=\"csColumnGap\" style=\"margin: 0px; padding: 0px; float: left; width: 0.208%;\"><img decoding=\"async\" style=\"border: none;\" src=\"http:\/\/agerin.ovh\/wp-content\/plugins\/advanced-wp-columns\/assets\/js\/plugins\/views\/img\/1x1-pixel.png\" \/><\/div>\n<\/div>\n","protected":false},"excerpt":{"rendered":"<p>Pour r\u00e9aliser vos projets d\u2019urbanisation, ou d\u2019am\u00e9nagement, nous r\u00e9alisons les \u00e9tudes indispensables de conception et de dimensionnement des r\u00e9seaux d\u2019assainissements pluviaux. Nous pouvons nous orienter \u00e0 la fois vers des fili\u00e8res traditionnelles (r\u00e9seaux de collecteurs souterrains et ouvrages de type bassins d\u2019\u00e9cr\u00eatements) et vers des solutions plus innovantes, notamment en lien avec une d\u00e9marche HQE [&hellip;]<\/p>\n","protected":false},"author":1,"featured_media":0,"parent":1074,"menu_order":0,"comment_status":"closed","ping_status":"closed","template":"","meta":[],"_links":{"self":[{"href":"https:\/\/agerin.ovh\/index.php\/wp-json\/wp\/v2\/pages\/785"}],"collection":[{"href":"https:\/\/agerin.ovh\/index.php\/wp-json\/wp\/v2\/pages"}],"about":[{"href":"https:\/\/agerin.ovh\/index.php\/wp-json\/wp\/v2\/types\/page"}],"author":[{"embeddable":true,"href":"https:\/\/agerin.ovh\/index.php\/wp-json\/wp\/v2\/users\/1"}],"replies":[{"embeddable":true,"href":"https:\/\/agerin.ovh\/index.php\/wp-json\/wp\/v2\/comments?post=785"}],"version-history":[{"count":21,"href":"https:\/\/agerin.ovh\/index.php\/wp-json\/wp\/v2\/pages\/785\/revisions"}],"predecessor-version":[{"id":1966,"href":"https:\/\/agerin.ovh\/index.php\/wp-json\/wp\/v2\/pages\/785\/revisions\/1966"}],"up":[{"embeddable":true,"href":"https:\/\/agerin.ovh\/index.php\/wp-json\/wp\/v2\/pages\/1074"}],"wp:attachment":[{"href":"https:\/\/agerin.ovh\/index.php\/wp-json\/wp\/v2\/media?parent=785"}],"curies":[{"name":"wp","href":"https:\/\/api.w.org\/{rel}","templated":true}]}}