








{"id":787,"date":"2016-12-05T15:12:18","date_gmt":"2016-12-05T13:12:18","guid":{"rendered":"http:\/\/test.agerin.ovh\/?page_id=787"},"modified":"2021-02-11T15:26:12","modified_gmt":"2021-02-11T13:26:12","slug":"realisation-suivi-de-dossiers-administratifs","status":"publish","type":"page","link":"https:\/\/agerin.ovh\/index.php\/domaines-dactivite\/hydraulique\/realisation-suivi-de-dossiers-administratifs\/","title":{"rendered":"R\u00e9alisation et suivi de dossiers administratifs"},"content":{"rendered":"<hr \/>\n<p style=\"text-align: justify;\">Dans le cadre de vos projets, nous r\u00e9alisons vos dossiers de demande, notamment\u00a0:<\/p>\n<ul>\n<li style=\"text-align: justify;\">les dossiers \u00ab loi sur l\u2019eau \u00bb en application de la Nomenclature du D\u00e9cret 2006-881 du 17 juillet 2006, avec leurs documents d\u2019incidences et le cas \u00e9ch\u00e9ant leur \u00e9tude d\u2019impact ;<\/li>\n<li style=\"text-align: justify;\">les dossiers d\u2019autorisation d\u2019exploiter la force motrice\u00a0;<\/li>\n<li style=\"text-align: justify;\">les dossiers d\u2019int\u00e9r\u00eat g\u00e9n\u00e9ral et d\u2019utilit\u00e9 publique (DIG et DUP) pour les collectivit\u00e9s\u00a0;<\/li>\n<li style=\"text-align: justify;\">les dossiers d\u2019incidences sur les riverains dans les zones pourvues de Plans de Pr\u00e9vention des Risques Naturels\u00a0;<\/li>\n<li style=\"text-align: justify;\">les volets hydrauliques, hydromorphologiques et risques naturels de vos dossiers d\u2019Unit\u00e9s Touristiques Nouvelles (UTN).<\/li>\n<\/ul>\n<p style=\"text-align: justify;\">Nous r\u00e9alisons aussi le suivi de ces dossiers ainsi que les r\u00e9ponses aux Commissaires Enqu\u00eateurs ou les demandes de compl\u00e9tude.<\/p>\n<p style=\"text-align: justify;\">A ce jour, ce sont plusieurs dizaines de projets pour lesquels nous avons b\u00e2tis et suivi les proc\u00e9dures. Ceci, des dossiers d\u00e9claratifs les plus simples aux plus complexes dossiers d&rsquo;autorisations avec Enqu\u00eates Publiques.<\/p>\n","protected":false},"excerpt":{"rendered":"<p>Dans le cadre de vos projets, nous r\u00e9alisons vos dossiers de demande, notamment\u00a0: les dossiers \u00ab loi sur l\u2019eau \u00bb en application de la Nomenclature du D\u00e9cret 2006-881 du 17 juillet 2006, avec leurs documents d\u2019incidences et le cas \u00e9ch\u00e9ant leur \u00e9tude d\u2019impact ; les dossiers d\u2019autorisation d\u2019exploiter la force motrice\u00a0; les dossiers d\u2019int\u00e9r\u00eat g\u00e9n\u00e9ral [&hellip;]<\/p>\n","protected":false},"author":1,"featured_media":0,"parent":1074,"menu_order":0,"comment_status":"closed","ping_status":"closed","template":"","meta":[],"_links":{"self":[{"href":"https:\/\/agerin.ovh\/index.php\/wp-json\/wp\/v2\/pages\/787"}],"collection":[{"href":"https:\/\/agerin.ovh\/index.php\/wp-json\/wp\/v2\/pages"}],"about":[{"href":"https:\/\/agerin.ovh\/index.php\/wp-json\/wp\/v2\/types\/page"}],"author":[{"embeddable":true,"href":"https:\/\/agerin.ovh\/index.php\/wp-json\/wp\/v2\/users\/1"}],"replies":[{"embeddable":true,"href":"https:\/\/agerin.ovh\/index.php\/wp-json\/wp\/v2\/comments?post=787"}],"version-history":[{"count":13,"href":"https:\/\/agerin.ovh\/index.php\/wp-json\/wp\/v2\/pages\/787\/revisions"}],"predecessor-version":[{"id":1967,"href":"https:\/\/agerin.ovh\/index.php\/wp-json\/wp\/v2\/pages\/787\/revisions\/1967"}],"up":[{"embeddable":true,"href":"https:\/\/agerin.ovh\/index.php\/wp-json\/wp\/v2\/pages\/1074"}],"wp:attachment":[{"href":"https:\/\/agerin.ovh\/index.php\/wp-json\/wp\/v2\/media?parent=787"}],"curies":[{"name":"wp","href":"https:\/\/api.w.org\/{rel}","templated":true}]}}