








{"id":789,"date":"2016-12-05T15:14:41","date_gmt":"2016-12-05T13:14:41","guid":{"rendered":"http:\/\/test.agerin.ovh\/?page_id=789"},"modified":"2021-02-11T15:37:26","modified_gmt":"2021-02-11T13:37:26","slug":"conception-expertise-de-digues-barrages","status":"publish","type":"page","link":"https:\/\/agerin.ovh\/index.php\/domaines-dactivite\/conception-expertise-de-digues-barrages\/","title":{"rendered":"Conception et expertise de barrages \/ digues"},"content":{"rendered":"<hr \/>\n<div class=\"csRow\">\n<div class=\"csColumn\" style=\"margin: 0px; padding: 0px; float: left; width: 52.1%;\" data-csstartpoint=\"0\" data-csendpoint=\"500\" data-cswidth=\"52.1%\" data-csid=\"86410bed-761a-2c52-af35-3c23e8c76c86\">\n<div style=\"text-align: justify;\">\n<p>Face \u00e0 des besoins de protection d\u2019enjeux ou de retenue d&rsquo;eau, une partie de notre \u00e9quipe s\u2019est sp\u00e9cialis\u00e9e depuis plusieurs ann\u00e9es dans l\u2019ing\u00e9nierie et la s\u00e9curit\u00e9 des ouvrages hydrauliques, en particulier les digues et barrages.<\/p>\n<p>Forte de cette exp\u00e9rience, notre \u00e9quipe peut r\u00e9pondre \u00e0 tous besoins pour toute mission de conception ou de modification d\u2019ouvrage, d\u2019expertise et de ma\u00eetrise d\u2019\u0153uvre des ouvrages de type digues et barrages de cat\u00e9gorie C (par exemple pour des canons \u00e0 neiges, pour de l\u2019\u00e9cr\u00eatement de crue, pour de l\u2019irrigation, pour la production d\u2019hydro\u00e9lectricit\u00e9 ou encore pour la mise en \u0153uvre de plans d\u2019eau de loisirs\u2026).<\/p>\n<p>Notre r\u00e8gle primordiale dans ce domaine est de toujours privil\u00e9gier la qualit\u00e9 de la protection par rapport aux autres crit\u00e8res car les risques g\u00e9n\u00e9r\u00e9s par les digues peuvent, si elles rompent, se r\u00e9v\u00e9ler d\u2019une extr\u00eame gravit\u00e9.<\/p>\n<p>D\u2019autre part, nous intervenons dans le domaine r\u00e9glement\u00e9 de la s\u00e9curit\u00e9 des ouvrages hydrauliques sur les \u00e9tudes de dangers (Arr\u00eat\u00e9 du 12 juin 2008), les diagnostics de s\u00fbret\u00e9 et les visites approfondies (D\u00e9cret du 11 d\u00e9cembre 2007, relatif \u00e0 la s\u00e9curit\u00e9 des ouvrages hydrauliques et au Comit\u00e9 technique permanent des barrages et des ouvrages hydrauliques).<\/p>\n<p>AGERIN est titulaire de l\u2019agr\u00e9ment obligatoire d\u00e9livr\u00e9 par le Minist\u00e8re de l\u2019Environnement et du D\u00e9veloppement Durable, pour l\u2019ing\u00e9nierie, la conception, l\u2019expertise et la Ma\u00eetrise d\u2019\u0152uvre des digues (pour les cat\u00e9gories A, B, C, D) et des barrages (cat\u00e9gorie C).<\/p>\n<\/div>\n<\/div>\n<div class=\"csColumnGap\" style=\"margin: 0px; padding: 0px; float: left; width: 9.38%;\"><img decoding=\"async\" style=\"border: none;\" src=\"http:\/\/agerin.ovh\/wp-content\/plugins\/advanced-wp-columns\/assets\/js\/plugins\/views\/img\/1x1-pixel.png\" \/><\/div>\n<div class=\"csColumn\" style=\"margin: 0px; padding: 0px; float: left; width: 38.5%;\" data-csstartpoint=\"590\" data-csendpoint=\"960\" data-cswidth=\"38.5%\" data-csid=\"c658bf08-3f50-f038-8def-308696ac9719\">\n<p>[foogallery id=\u00a0\u00bb903&Prime;]<\/p>\n<\/div>\n<\/div>\n<p>&nbsp;<\/p>\n<p><a href=\"http:\/\/agerin.ovh\/index.php\/references\/diguesbarrages\/\">&#8211; Voir les r\u00e9f\u00e9rences d&rsquo;AGERIN &#8211;<\/a><\/p>\n","protected":false},"excerpt":{"rendered":"<p>Face \u00e0 des besoins de protection d\u2019enjeux ou de retenue d&rsquo;eau, une partie de notre \u00e9quipe s\u2019est sp\u00e9cialis\u00e9e depuis plusieurs ann\u00e9es dans l\u2019ing\u00e9nierie et la s\u00e9curit\u00e9 des ouvrages hydrauliques, en particulier les digues et barrages. Forte de cette exp\u00e9rience, notre \u00e9quipe peut r\u00e9pondre \u00e0 tous besoins pour toute mission de conception ou de modification d\u2019ouvrage, [&hellip;]<\/p>\n","protected":false},"author":1,"featured_media":0,"parent":1045,"menu_order":0,"comment_status":"closed","ping_status":"closed","template":"","meta":[],"_links":{"self":[{"href":"https:\/\/agerin.ovh\/index.php\/wp-json\/wp\/v2\/pages\/789"}],"collection":[{"href":"https:\/\/agerin.ovh\/index.php\/wp-json\/wp\/v2\/pages"}],"about":[{"href":"https:\/\/agerin.ovh\/index.php\/wp-json\/wp\/v2\/types\/page"}],"author":[{"embeddable":true,"href":"https:\/\/agerin.ovh\/index.php\/wp-json\/wp\/v2\/users\/1"}],"replies":[{"embeddable":true,"href":"https:\/\/agerin.ovh\/index.php\/wp-json\/wp\/v2\/comments?post=789"}],"version-history":[{"count":23,"href":"https:\/\/agerin.ovh\/index.php\/wp-json\/wp\/v2\/pages\/789\/revisions"}],"predecessor-version":[{"id":1971,"href":"https:\/\/agerin.ovh\/index.php\/wp-json\/wp\/v2\/pages\/789\/revisions\/1971"}],"up":[{"embeddable":true,"href":"https:\/\/agerin.ovh\/index.php\/wp-json\/wp\/v2\/pages\/1045"}],"wp:attachment":[{"href":"https:\/\/agerin.ovh\/index.php\/wp-json\/wp\/v2\/media?parent=789"}],"curies":[{"name":"wp","href":"https:\/\/api.w.org\/{rel}","templated":true}]}}