








{"id":846,"date":"2016-12-06T15:53:32","date_gmt":"2016-12-06T13:53:32","guid":{"rendered":"http:\/\/test.agerin.ovh\/?page_id=846"},"modified":"2021-02-11T15:13:45","modified_gmt":"2021-02-11T13:13:45","slug":"hydroelectricite","status":"publish","type":"page","link":"https:\/\/agerin.ovh\/index.php\/domaines-dactivite\/hydraulique\/hydroelectricite\/","title":{"rendered":"Hydro\u00e9lectricit\u00e9"},"content":{"rendered":"<hr \/>\n<div class=\"csRow\">\n<div class=\"csColumn\" style=\"margin: 0px; padding: 0px; float: left; width: 52.1%;\" data-csstartpoint=\"0\" data-csendpoint=\"500\" data-cswidth=\"52.1%\" data-csid=\"356b5a5a-cda6-af9b-b3a1-c81ba8a5c55c\">\n<p style=\"text-align: justify;\">Nous r\u00e9alisons l\u2019audit de vos installations hydro\u00e9lectriques. Nous vous conseillons et vous assistons jusqu\u2019\u00e0 la conception et le suivi du chantier afin d\u2019optimiser la ressource et votre production d\u2019\u00e9nergie.<\/p>\n<p style=\"text-align: justify;\">Gr\u00e2ce \u00e0 notre \u00e9quipe multidisciplinaire, nous vous apportons notre expertise sur les probl\u00e8mes de perte de charge dans les canaux ou \u00e0 leur entonnement, les rendements des turbines, la gestion des transports solides et des flottants ou encore la situation des installations par rapport au contexte r\u00e9glementaire.<\/p>\n<p>Notre expertise nous permet de vous accompagner dans la conception de nouveau projet, allant de la r\u00e9alisation d&rsquo;\u00e9tudes de faisabilit\u00e9 et des dossiers r\u00e9glementaires, \u00e0 la conception du projet jusqu&rsquo;\u00e0 la maitrise d\u2019\u0153uvre des travaux.<\/p>\n<p>&nbsp;<\/p>\n<p style=\"text-align: justify;\"><a href=\"http:\/\/agerin.ovh\/index.php\/references\/ecohydraulique-hydroelectricite\/\">&#8211; Voir les r\u00e9f\u00e9rences d&rsquo;AGERIN &#8211;<\/a><\/p>\n<\/div>\n<div class=\"csColumnGap\" style=\"margin: 0px; padding: 0px; float: left; width: 9.38%;\"><img decoding=\"async\" style=\"border: none;\" src=\"http:\/\/agerin.ovh\/wp-content\/plugins\/advanced-wp-columns\/assets\/js\/plugins\/views\/img\/1x1-pixel.png\" \/><\/div>\n<div class=\"csColumn\" style=\"margin: 0px; padding: 0px; float: left; width: 38.5%;\" data-csstartpoint=\"590\" data-csendpoint=\"960\" data-cswidth=\"38.5%\" data-csid=\"acfbd7c8-a17b-1c6e-b755-5a500f16c036\">\n<p>[foogallery id=\u00a0\u00bb886&Prime;]<\/p>\n<\/div>\n<\/div>\n","protected":false},"excerpt":{"rendered":"<p>Nous r\u00e9alisons l\u2019audit de vos installations hydro\u00e9lectriques. Nous vous conseillons et vous assistons jusqu\u2019\u00e0 la conception et le suivi du chantier afin d\u2019optimiser la ressource et votre production d\u2019\u00e9nergie. Gr\u00e2ce \u00e0 notre \u00e9quipe multidisciplinaire, nous vous apportons notre expertise sur les probl\u00e8mes de perte de charge dans les canaux ou \u00e0 leur entonnement, les rendements [&hellip;]<\/p>\n","protected":false},"author":1,"featured_media":0,"parent":1074,"menu_order":0,"comment_status":"closed","ping_status":"closed","template":"","meta":[],"_links":{"self":[{"href":"https:\/\/agerin.ovh\/index.php\/wp-json\/wp\/v2\/pages\/846"}],"collection":[{"href":"https:\/\/agerin.ovh\/index.php\/wp-json\/wp\/v2\/pages"}],"about":[{"href":"https:\/\/agerin.ovh\/index.php\/wp-json\/wp\/v2\/types\/page"}],"author":[{"embeddable":true,"href":"https:\/\/agerin.ovh\/index.php\/wp-json\/wp\/v2\/users\/1"}],"replies":[{"embeddable":true,"href":"https:\/\/agerin.ovh\/index.php\/wp-json\/wp\/v2\/comments?post=846"}],"version-history":[{"count":29,"href":"https:\/\/agerin.ovh\/index.php\/wp-json\/wp\/v2\/pages\/846\/revisions"}],"predecessor-version":[{"id":1960,"href":"https:\/\/agerin.ovh\/index.php\/wp-json\/wp\/v2\/pages\/846\/revisions\/1960"}],"up":[{"embeddable":true,"href":"https:\/\/agerin.ovh\/index.php\/wp-json\/wp\/v2\/pages\/1074"}],"wp:attachment":[{"href":"https:\/\/agerin.ovh\/index.php\/wp-json\/wp\/v2\/media?parent=846"}],"curies":[{"name":"wp","href":"https:\/\/api.w.org\/{rel}","templated":true}]}}