








{"id":9,"date":"2016-07-21T14:48:43","date_gmt":"2016-07-21T12:48:43","guid":{"rendered":"http:\/\/test.agerin.ovh\/?page_id=9"},"modified":"2021-02-11T16:33:20","modified_gmt":"2021-02-11T14:33:20","slug":"hydroecologie","status":"publish","type":"page","link":"https:\/\/agerin.ovh\/index.php\/references\/hydroecologie\/","title":{"rendered":"Gestion et restauration des cours d&rsquo;eau &#8211; Hydro\u00e9cologie"},"content":{"rendered":"<hr>\n<div class=\"csRow\">\n<div class=\"csColumn\" style=\"margin: 0px; padding: 0px; float: left; width: 52.1%;\" data-csstartpoint=\"0\" data-csendpoint=\"500\" data-cswidth=\"52.1%\" data-csid=\"ed9c7b3d-07b4-f932-82a6-49569e9d327f\">\n<p style=\"text-align: justify;\"><strong><span style=\"text-decoration: underline;\">2015 :<\/span>&nbsp;<\/strong><\/p>\n<ul style=\"text-align: justify;\">\n<li>Etude hydromorphologique sur le bassin versant de l\u2019Ari\u00e8ge (09-31).<br \/>\n<span style=\"font-size: 10pt;\"><em>Ma\u00eetrise d\u2019Ouvrage : SYRPPA, SYMAR.<\/em><\/span><\/li>\n<\/ul>\n<ul style=\"text-align: justify;\">\n<li>Etude de l\u2019incidence hydraulique des stockages de bois de la scierie de Saint-Amans-Soult (81).<br \/>\n<span style=\"font-size: 10pt;\"><em>Ma\u00eetrise d\u2019Ouvrage : Soci\u00e9t\u00e9 Europ\u00e9enne des Bois.<\/em><\/span><\/li>\n<\/ul>\n<p style=\"text-align: justify;\">&nbsp;<\/p>\n<p style=\"text-align: justify;\"><span style=\"text-decoration: underline;\"><strong>2014 :<\/strong><\/span><\/p>\n<ul style=\"text-align: justify;\">\n<li>Etude hydromorphologique sur le bassin versant de la L\u00e8re et du Cande (82).<br \/>\n<span style=\"font-size: 10pt;\"><em>Ma\u00eetrise d&rsquo;Ouvrage : Communaut\u00e9 de Commune du Quercy-Caussadais.<\/em><\/span><\/li>\n<\/ul>\n<p style=\"text-align: justify;\">&nbsp;<\/p>\n<p style=\"text-align: justify;\"><span style=\"text-decoration: underline;\"><strong>2013 :<\/strong><\/span><\/p>\n<ul style=\"text-align: justify;\">\n<li>Plan pluriannuel de gestion des cours d\u2019eau g\u00e9r\u00e9s par la communaut\u00e9 de commune de la Vall\u00e9e de l\u2019Ari\u00e8ge (31).<br \/>\n<span style=\"font-size: 10pt;\"><em>Ma\u00eetrise d&rsquo;Ouvrage : CCVA.<\/em><\/span><\/li>\n<\/ul>\n<p style=\"text-align: justify;\">&nbsp;<\/p>\n<p style=\"text-align: justify;\"><span style=\"text-decoration: underline;\"><strong>2012 :<\/strong><\/span><\/p>\n<ul style=\"text-align: justify;\">\n<li>Expertise des habitats fluviaux dans le cadre de la r\u00e9alisation du DOCOB du site Natura 2000 Aveyron, Viaur, Tarn, Agout et Gijou.<br \/>\n<span style=\"font-size: 10pt;\"><em>Ma\u00eetrise d&rsquo;Ouvrage : ADASEA 12, DDT 82, ECCEL Environnement.<\/em><\/span><\/li>\n<\/ul>\n<ul style=\"text-align: justify;\">\n<li>Analyse des habitats naturels du Viaur (12-81-82) dans le cadre du Natura 2000 Aveyron, Tarn, Agout, Viaur, Gijou.<br \/>\n<span style=\"font-size: 10pt;\"><em>Ma\u00eetrise d&rsquo;Ouvrage : DDT 81, DREAL Midi-Pyr\u00e9n\u00e9es, Rural Concept, ECCEL Environnement.<\/em><\/span><\/li>\n<\/ul>\n<p style=\"text-align: justify;\">&nbsp;<\/p>\n<p style=\"text-align: justify;\"><span style=\"text-decoration: underline;\"><strong>2011 :<\/strong><\/span><\/p>\n<ul style=\"text-align: justify;\">\n<li>Rivi\u00e8re l&rsquo;Arize. Etude sur la variabilit\u00e9 des \u00e9tiages sur le cours aval.<br \/>\n<span style=\"font-size: 10pt;\"><em>Ma\u00eetrise d&rsquo;Ouvrage : DDT de l\u2019Ari\u00e8ge.<\/em><\/span><\/li>\n<\/ul>\n<p style=\"text-align: justify;\">&nbsp;<\/p>\n<p style=\"text-align: justify;\"><span style=\"text-decoration: underline;\"><strong>2010 :<\/strong><\/span><\/p>\n<ul style=\"text-align: justify;\">\n<li>Etude pr\u00e9alable \u00e0 la restauration des milieux aquatiques. Analyse morphodynamique. Site de Roche \u00e0 Beaulieu (63).<br \/>\n<span style=\"font-size: 10pt;\"><em>Ma\u00eetrise d&rsquo;Ouvrage : SIGAL.<\/em><\/span><\/li>\n<\/ul>\n<p style=\"text-align: justify;\">&nbsp;<\/p>\n<p style=\"text-align: justify;\"><span style=\"text-decoration: underline;\"><strong>2009 :<\/strong><\/span><\/p>\n<ul style=\"text-align: justify;\">\n<li>Etude hydromorphologique du bassin du C\u00f4ne (12).<br \/>\n<span style=\"font-size: 10pt;\"><em>Ma\u00eetrise d&rsquo;Ouvrage : Syndicat Mixte de la Vall\u00e9e du Viaur.<\/em><\/span><\/li>\n<\/ul>\n<ul style=\"text-align: justify;\">\n<li>Etude pr\u00e9alable \u00e0 la restauration des milieux aquatiques, site de la chauss\u00e9e de Roche \u00e0 Beaulieu (63).<br \/>\n<span style=\"font-size: 10pt;\"><em>Ma\u00eetrise d&rsquo;Ouvrage : Syndicat intercommunal de la gestion de l\u2019Alagnon (SIGAL)<\/em><\/span><\/li>\n<\/ul>\n<p style=\"text-align: justify;\">&nbsp;<\/p>\n<p style=\"text-align: justify;\"><span style=\"text-decoration: underline;\"><strong>2008 :<\/strong><\/span><\/p>\n<ul style=\"text-align: justify;\">\n<li>Etude de restauration de la Bruyante (09).<br \/>\n<span style=\"font-size: 10pt;\"><em>Ma\u00eetrise d&rsquo;Ouvrage : Communes de Rouze et Mijan\u00e8s.<\/em><\/span><\/li>\n<\/ul>\n<ul style=\"text-align: justify;\">\n<li>Etude hydro\u00e9cologique de la vall\u00e9e du Crieu (09).<br \/>\n<span style=\"font-size: 10pt;\"><em>Ma\u00eetrise d&rsquo;Ouvrage : Syndicat Intercommunal du Crieu &#8211; SYAC.<\/em><\/span><\/li>\n<\/ul>\n<p style=\"text-align: justify;\">&nbsp;<\/p>\n<p style=\"text-align: justify;\"><span style=\"text-decoration: underline;\"><strong>2005 :<\/strong><\/span><\/p>\n<ul>\n<li style=\"text-align: justify;\">Etude de restauration de la rivi\u00e8re Alses.<br \/>\n<span style=\"font-size: 10pt;\"><em>Ma\u00eetrise d&rsquo;Ouvrage : Syndicat de l\u2019Alses, (77p).<\/em><\/span><\/li>\n<\/ul>\n<\/div>\n<div class=\"csColumnGap\" style=\"margin: 0px; padding: 0px; float: left; width: 9.38%;\"><img decoding=\"async\" style=\"border: none;\" src=\"http:\/\/agerin.ovh\/wp-content\/plugins\/advanced-wp-columns\/assets\/js\/plugins\/views\/img\/1x1-pixel.png\"><\/div>\n<div class=\"csColumn\" style=\"margin: 0px; padding: 0px; float: left; width: 38.5%;\" data-csstartpoint=\"590\" data-csendpoint=\"960\" data-cswidth=\"38.5%\" data-csid=\"5cb4e6da-3514-1e19-b226-2837d24b0102\">\n<p style=\"text-align: center;\"><div style=\"max-width: 575px; margin: 0 auto;\" class=\"ml-slider-3-7-2 metaslider metaslider-nivo metaslider-1519 ml-slider\">\n    \n    <div id=\"metaslider_container_1519\">\n        <div class='slider-wrapper theme-default'>\n            <div class='ribbon'><\/div>\n            <div id='metaslider_1519' class='nivoSlider'>\n                <img src=\"https:\/\/agerin.ovh\/wp-content\/uploads\/2016\/08\/Renoncule-575x320.jpg\" height=\"320\" width=\"575\" alt=\"\" class=\"slider-1519 slide-1520\" \/>\n                <img src=\"https:\/\/agerin.ovh\/wp-content\/uploads\/2016\/08\/Agout-Natura-2000-575x320.jpg\" height=\"320\" width=\"575\" alt=\"\" class=\"slider-1519 slide-1521\" \/>\n            <\/div>\n        <\/div>\n        \n    <\/div>\n<\/div><br \/>\n&nbsp;<br \/>\n<div style=\"max-width: 575px; margin: 0 auto;\" class=\"ml-slider-3-7-2 metaslider metaslider-nivo metaslider-1516 ml-slider\">\n    \n    <div id=\"metaslider_container_1516\">\n        <div class='slider-wrapper theme-default'>\n            <div class='ribbon'><\/div>\n            <div id='metaslider_1516' class='nivoSlider'>\n                <img src=\"https:\/\/agerin.ovh\/wp-content\/uploads\/2016\/08\/Alnus-glutinosa-IMGP2302-575x320.jpg\" height=\"320\" width=\"575\" alt=\"\" class=\"slider-1516 slide-1517\" \/>\n                <img src=\"https:\/\/agerin.ovh\/wp-content\/uploads\/2016\/08\/IMGP3508-575x320.jpg\" height=\"320\" width=\"575\" alt=\"\" class=\"slider-1516 slide-1518\" \/>\n            <\/div>\n        <\/div>\n        \n    <\/div>\n<\/div><br \/>\n&nbsp;<br \/>\n<img decoding=\"async\" loading=\"lazy\" class=\"aligncenter wp-image-623 size-large\" style=\"display: block; margin-left: auto; margin-right: auto;\" src=\"http:\/\/agerin.ovh\/wp-content\/uploads\/2016\/09\/MicroHabitat-700x532.jpg\" alt=\"MicroHabitat\" width=\"610\" height=\"464\" srcset=\"https:\/\/agerin.ovh\/wp-content\/uploads\/2016\/09\/MicroHabitat-700x532.jpg 700w, https:\/\/agerin.ovh\/wp-content\/uploads\/2016\/09\/MicroHabitat-300x228.jpg 300w, https:\/\/agerin.ovh\/wp-content\/uploads\/2016\/09\/MicroHabitat-768x583.jpg 768w, https:\/\/agerin.ovh\/wp-content\/uploads\/2016\/09\/MicroHabitat.jpg 952w\" sizes=\"(max-width: 610px) 100vw, 610px\" \/><\/p>\n<\/div>\n<div style=\"clear: both; float: none; display: block; visibility: hidden; width: 0px; font-size: 0px; line-height: 0;\">&nbsp;<\/div>\n<\/div>\n<p>&nbsp;<\/p>\n<div style=\"clear: both; float: none; display: block; visibility: hidden; width: 0px; font-size: 0px; line-height: 0;\">&nbsp;<\/div>\n<p>&nbsp;<\/p>\n","protected":false},"excerpt":{"rendered":"<p>2015 :&nbsp; Etude hydromorphologique sur le bassin versant de l\u2019Ari\u00e8ge (09-31). Ma\u00eetrise d\u2019Ouvrage : SYRPPA, SYMAR. Etude de l\u2019incidence hydraulique des stockages de bois de la scierie de Saint-Amans-Soult (81). Ma\u00eetrise d\u2019Ouvrage : Soci\u00e9t\u00e9 Europ\u00e9enne des Bois. &nbsp; 2014 : Etude hydromorphologique sur le bassin versant de la L\u00e8re et du Cande (82). Ma\u00eetrise d&rsquo;Ouvrage [&hellip;]<\/p>\n","protected":false},"author":1,"featured_media":0,"parent":1069,"menu_order":0,"comment_status":"closed","ping_status":"closed","template":"","meta":[],"_links":{"self":[{"href":"https:\/\/agerin.ovh\/index.php\/wp-json\/wp\/v2\/pages\/9"}],"collection":[{"href":"https:\/\/agerin.ovh\/index.php\/wp-json\/wp\/v2\/pages"}],"about":[{"href":"https:\/\/agerin.ovh\/index.php\/wp-json\/wp\/v2\/types\/page"}],"author":[{"embeddable":true,"href":"https:\/\/agerin.ovh\/index.php\/wp-json\/wp\/v2\/users\/1"}],"replies":[{"embeddable":true,"href":"https:\/\/agerin.ovh\/index.php\/wp-json\/wp\/v2\/comments?post=9"}],"version-history":[{"count":27,"href":"https:\/\/agerin.ovh\/index.php\/wp-json\/wp\/v2\/pages\/9\/revisions"}],"predecessor-version":[{"id":1979,"href":"https:\/\/agerin.ovh\/index.php\/wp-json\/wp\/v2\/pages\/9\/revisions\/1979"}],"up":[{"embeddable":true,"href":"https:\/\/agerin.ovh\/index.php\/wp-json\/wp\/v2\/pages\/1069"}],"wp:attachment":[{"href":"https:\/\/agerin.ovh\/index.php\/wp-json\/wp\/v2\/media?parent=9"}],"curies":[{"name":"wp","href":"https:\/\/api.w.org\/{rel}","templated":true}]}}